{"id":2879,"date":"2022-08-02T23:59:15","date_gmt":"2022-08-02T20:59:15","guid":{"rendered":"https:\/\/bellyofthesnake.lv\/?page_id=2879"},"modified":"2025-08-21T21:02:06","modified_gmt":"2025-08-21T18:02:06","slug":"reviews","status":"publish","type":"page","link":"https:\/\/bellyofthesnake.lv\/lv\/reviews\/","title":{"rendered":"Atsauksmes"},"content":{"rendered":"<p>Parasti klienti atrod mani Instagram\u0101, t\u0101p\u0113c bie\u017ei vien vi\u0146i s\u016bta man savas atsauksmes un rotu bildes priv\u0101ti, nevis caur m\u0101jaslapu. Visas \u0161\u012bs zi\u0146as es glab\u0101ju map\u012bt\u0113, kur\u0101 ik pa laikam ieskatos, kad j\u016btos skumji \ud83d\ude42 Da\u013cu no t\u0101m var redz\u0113t zem\u0101k:<\/p>\n\n\n<style id=\"wp_carousel_dynamic_css4196\">#sp-wp-carousel-free-id-4196.sp-wpcp-4196 .wpcp-single-item {border: 1px solid #dddddd;}#sp-wp-carousel-free-id-4196.sp-wpcp-4196 .swiper-button-prev,#sp-wp-carousel-free-id-4196.sp-wpcp-4196 .swiper-button-next,#sp-wp-carousel-free-id-4196.sp-wpcp-4196 .swiper-button-prev:hover,#sp-wp-carousel-free-id-4196.sp-wpcp-4196 .swiper-button-next:hover {background: none;border: none;font-size: 30px;}#sp-wp-carousel-free-id-4196.sp-wpcp-4196 .swiper-button-prev i,#sp-wp-carousel-free-id-4196.sp-wpcp-4196 .swiper-button-next i {color: #aaa;}#sp-wp-carousel-free-id-4196.sp-wpcp-4196 .swiper-button-prev i:hover,#sp-wp-carousel-free-id-4196.sp-wpcp-4196 .swiper-button-next i:hover {color: #178087;}#sp-wp-carousel-free-id-4196.sp-wpcp-4196 .wpcp-swiper-dots .swiper-pagination-bullet {background-color: #cccccc;}#sp-wp-carousel-free-id-4196.sp-wpcp-4196 .wpcp-swiper-dots .swiper-pagination-bullet.swiper-pagination-bullet-active {background-color: #178087;}@media screen and (max-width: 479px) {#sp-wp-carousel-free-id-4196.nav-vertical-center {padding: 0;margin:0;}#sp-wp-carousel-free-id-4196.nav-vertical-center .wpcp-next-button,#sp-wp-carousel-free-id-4196.nav-vertical-center .wpcp-prev-button {display: none;}}#sp-wp-carousel-free-id-4196 .wpcpro-row>[class*=\"wpcpro-col-\"] { padding: 0 10px; padding-bottom: 20px;}@media (min-width: 480px) { .wpcpro-row .wpcpro-col-sm-1 { flex: 0 0 100%; max-width: 100%; } .wpcpro-row .wpcpro-col-sm-2 { flex: 0 0 50%; max-width: 50%; } .wpcpro-row .wpcpro-col-sm-2-5 { flex: 0 0 75%; max-width: 75%; } .wpcpro-row .wpcpro-col-sm-3 { flex: 0 0 33.333%; max-width: 33.333%; } .wpcpro-row .wpcpro-col-sm-4 { flex: 0 0 25%; max-width: 25%; } .wpcpro-row .wpcpro-col-sm-5 { flex: 0 0 20%; max-width: 20%; } .wpcpro-row .wpcpro-col-sm-6 { flex: 0 0 16.66666666666667%; max-width: 16.66666666666667%; } .wpcpro-row .wpcpro-col-sm-7 { flex: 0 0 14.28571428%; max-width: 14.28571428%; } .wpcpro-row .wpcpro-col-sm-8 { flex: 0 0 12.5%; max-width: 12.5%; } } @media (max-width: 480px) { .wpcpro-row .wpcpro-col-xs-1 { flex: 0 0 100%; max-width: 100%; } .wpcpro-row .wpcpro-col-xs-2 { flex: 0 0 50%; max-width: 50%; } .wpcpro-row .wpcpro-col-xs-3 { flex: 0 0 33.222%; max-width: 33.222%; } .wpcpro-row .wpcpro-col-xs-4 { flex: 0 0 25%; max-width: 25%; } .wpcpro-row .wpcpro-col-xs-5 { flex: 0 0 20%; max-width: 20%; } .wpcpro-row .wpcpro-col-xs-6 { flex: 0 0 16.6667%; max-width: 16.6667%; } .wpcpro-row .wpcpro-col-xs-7 { flex: 0 0 14.28571428%; max-width: 14.28571428%; } .wpcpro-row .wpcpro-col-xs-8 { flex: 0 0 12.5%; max-width: 12.5%; } } @media (min-width: 736px) { .wpcpro-row .wpcpro-col-md-1 { flex: 0 0 100%; max-width: 100%; } .wpcpro-row .wpcpro-col-md-2 { flex: 0 0 50%; max-width: 50%; } .wpcpro-row .wpcpro-col-md-2-5 { flex: 0 0 75%; max-width: 75%; } .wpcpro-row .wpcpro-col-md-3 { flex: 0 0 33.333%; max-width: 33.333%; } .wpcpro-row .wpcpro-col-md-4 { flex: 0 0 25%; max-width: 25%; } .wpcpro-row .wpcpro-col-md-5 { flex: 0 0 20%; max-width: 20%; } .wpcpro-row .wpcpro-col-md-6 { flex: 0 0 16.66666666666667%; max-width: 16.66666666666667%; } .wpcpro-row .wpcpro-col-md-7 { flex: 0 0 14.28571428%; max-width: 14.28571428%; } .wpcpro-row .wpcpro-col-md-8 { flex: 0 0 12.5%; max-width: 12.5%; } } @media (min-width: 980px) { .wpcpro-row .wpcpro-col-lg-1 { flex: 0 0 100%; max-width: 100%; } .wpcpro-row .wpcpro-col-lg-2 { flex: 0 0 50%; max-width: 50%; } .wpcpro-row .wpcpro-col-lg-3 { flex: 0 0 33.222%; max-width: 33.222%; } .wpcpro-row .wpcpro-col-lg-4 { flex: 0 0 25%; max-width: 25%; } .wpcpro-row .wpcpro-col-lg-5 { flex: 0 0 20%; max-width: 20%; } .wpcpro-row .wpcpro-col-lg-6 { flex: 0 0 16.6667%; max-width: 16.6667%; } .wpcpro-row .wpcpro-col-lg-7 { flex: 0 0 14.28571428%; max-width: 14.28571428%; } .wpcpro-row .wpcpro-col-lg-8 { flex: 0 0 12.5%; max-width: 12.5%; } } @media (min-width: 1200px) { .wpcpro-row .wpcpro-col-xl-1 { flex: 0 0 100%; max-width: 100%; } .wpcpro-row .wpcpro-col-xl-2 { flex: 0 0 50%; max-width: 50%; } .wpcpro-row .wpcpro-col-xl-3 { flex: 0 0 33.22222222%; max-width: 33.22222222%; } .wpcpro-row .wpcpro-col-xl-4 { flex: 0 0 25%; max-width: 25%; } .wpcpro-row .wpcpro-col-xl-5 { flex: 0 0 20%; max-width: 20%; } .wpcpro-row .wpcpro-col-xl-6 { flex: 0 0 16.66667%; max-width: 16.66667%; } .wpcpro-row .wpcpro-col-xl-7 { flex: 0 0 14.28571428%; max-width: 14.28571428%; } .wpcpro-row .wpcpro-col-xl-8 { flex: 0 0 12.5%; max-width: 12.5%; } }<\/style><div class=\"wpcp-carousel-wrapper wpcp-wrapper-4196\">\n\t<div id=\"wpcp-preloader-4196\" class=\"wpcp-carousel-preloader\"><img decoding=\"async\" src=\"https:\/\/bellyofthesnake.lv\/wp-content\/plugins\/wp-carousel-free\/public\/css\/spinner.svg\" alt=\"Preloader Image\" \/><\/div>\t<div class=\"wpcp-carousel-content-wrapper\">\n\t<div id=\"sp-wp-carousel-free-id-4196\" class=\"wpcp-carousel-section sp-wpcp-4196  nav-vertical-center wpcp-image-carousel wpcp-preloader wpcp-standard\" data-swiper='{ \"accessibility\":true, \"spaceBetween\":20, \"arrows\":true, \"freeMode\": false, \"autoplay\":false, \"autoplaySpeed\":3000, \"dots\":true, \"infinite\":true, \"speed\":600, \"pauseOnHover\":true,\t\t\t\"slidesToShow\":{\"lg_desktop\":5, \"desktop\": 4, \"laptop\": 3, \"tablet\": 2, \"mobile\": 1}, \"responsive\":{\"desktop\":1200, \"laptop\": 980, \"tablet\": 736, \"mobile\": 480}, \"rtl\":false, \"lazyLoad\": \"false\", \"swipe\": true, \"draggable\": true, \"swipeToSlide\":false }'   dir=\"ltr\">\n\t\t<div class=\"swiper-wrapper\">\n\t\t<div class=\"swiper-slide\">\n\t<div class=\"wpcp-single-item\">\n\t\t\t<a class=\"wcp-light-box\" data-buttons='[\"close\"]' data-wpc_url='https:\/\/bellyofthesnake.lv\/wp-content\/uploads\/2023\/11\/Screenshot_20230325_131247_Instagram-1.jpg' href=\"https:\/\/bellyofthesnake.lv\/wp-content\/uploads\/2023\/11\/Screenshot_20230325_131247_Instagram-1.jpg\" data-fancybox=\"wpcp_view\">\n\t\t<figure>\n\t\t\t<img loading=\"lazy\" decoding=\"async\" class=\"skip-lazy\" src=\"https:\/\/bellyofthesnake.lv\/wp-content\/uploads\/2023\/11\/Screenshot_20230325_131247_Instagram-1.jpg\" alt=\"Screenshot_20230325_131247_Instagram (1)\" width=\"834\" height=\"1287\">\t\t<\/figure>\n\t<\/a>\n\t\t<\/div>\n<\/div>\n\t<div class=\"swiper-slide\">\n\t<div class=\"wpcp-single-item\">\n\t\t\t<a class=\"wcp-light-box\" data-buttons='[\"close\"]' data-wpc_url='https:\/\/bellyofthesnake.lv\/wp-content\/uploads\/2023\/11\/Screenshot_20210605-221759_Instagram.jpg' href=\"https:\/\/bellyofthesnake.lv\/wp-content\/uploads\/2023\/11\/Screenshot_20210605-221759_Instagram.jpg\" data-fancybox=\"wpcp_view\">\n\t\t<figure>\n\t\t\t<img loading=\"lazy\" decoding=\"async\" class=\"skip-lazy\" src=\"https:\/\/bellyofthesnake.lv\/wp-content\/uploads\/2023\/11\/Screenshot_20210605-221759_Instagram.jpg\" alt=\"Screenshot_20210605-221759_Instagram\" width=\"982\" height=\"651\">\t\t<\/figure>\n\t<\/a>\n\t\t<\/div>\n<\/div>\n\t<div class=\"swiper-slide\">\n\t<div class=\"wpcp-single-item\">\n\t\t\t<a class=\"wcp-light-box\" data-buttons='[\"close\"]' data-wpc_url='https:\/\/bellyofthesnake.lv\/wp-content\/uploads\/2023\/11\/Screenshot_20231118_210519_Gallery.jpg' href=\"https:\/\/bellyofthesnake.lv\/wp-content\/uploads\/2023\/11\/Screenshot_20231118_210519_Gallery.jpg\" data-fancybox=\"wpcp_view\">\n\t\t<figure>\n\t\t\t<img loading=\"lazy\" decoding=\"async\" class=\"skip-lazy\" src=\"https:\/\/bellyofthesnake.lv\/wp-content\/uploads\/2023\/11\/Screenshot_20231118_210519_Gallery.jpg\" alt=\"Screenshot_20231118_210519_Gallery\" width=\"1080\" height=\"1343\">\t\t<\/figure>\n\t<\/a>\n\t\t<\/div>\n<\/div>\n\t<div class=\"swiper-slide\">\n\t<div class=\"wpcp-single-item\">\n\t\t\t<a class=\"wcp-light-box\" data-buttons='[\"close\"]' data-wpc_url='https:\/\/bellyofthesnake.lv\/wp-content\/uploads\/2023\/11\/Screenshot_20210520-172933_Instagram.jpg' href=\"https:\/\/bellyofthesnake.lv\/wp-content\/uploads\/2023\/11\/Screenshot_20210520-172933_Instagram.jpg\" data-fancybox=\"wpcp_view\">\n\t\t<figure>\n\t\t\t<img loading=\"lazy\" decoding=\"async\" class=\"skip-lazy\" src=\"https:\/\/bellyofthesnake.lv\/wp-content\/uploads\/2023\/11\/Screenshot_20210520-172933_Instagram.jpg\" alt=\"Screenshot_20210520-172933_Instagram\" width=\"962\" height=\"861\">\t\t<\/figure>\n\t<\/a>\n\t\t<\/div>\n<\/div>\n\t<div class=\"swiper-slide\">\n\t<div class=\"wpcp-single-item\">\n\t\t\t<a class=\"wcp-light-box\" data-buttons='[\"close\"]' data-wpc_url='https:\/\/bellyofthesnake.lv\/wp-content\/uploads\/2023\/11\/Screenshot_20230728_223231_Instagram-1.jpg' href=\"https:\/\/bellyofthesnake.lv\/wp-content\/uploads\/2023\/11\/Screenshot_20230728_223231_Instagram-1.jpg\" data-fancybox=\"wpcp_view\">\n\t\t<figure>\n\t\t\t<img loading=\"lazy\" decoding=\"async\" class=\"skip-lazy\" src=\"https:\/\/bellyofthesnake.lv\/wp-content\/uploads\/2023\/11\/Screenshot_20230728_223231_Instagram-1.jpg\" alt=\"Screenshot_20230728_223231_Instagram (1)\" width=\"1074\" height=\"1395\">\t\t<\/figure>\n\t<\/a>\n\t\t<\/div>\n<\/div>\n\t<div class=\"swiper-slide\">\n\t<div class=\"wpcp-single-item\">\n\t\t\t<a class=\"wcp-light-box\" data-buttons='[\"close\"]' data-wpc_url='https:\/\/bellyofthesnake.lv\/wp-content\/uploads\/2023\/11\/Screenshot_20200709-002127_Instagram.jpg' href=\"https:\/\/bellyofthesnake.lv\/wp-content\/uploads\/2023\/11\/Screenshot_20200709-002127_Instagram.jpg\" data-fancybox=\"wpcp_view\">\n\t\t<figure>\n\t\t\t<img loading=\"lazy\" decoding=\"async\" class=\"skip-lazy\" src=\"https:\/\/bellyofthesnake.lv\/wp-content\/uploads\/2023\/11\/Screenshot_20200709-002127_Instagram.jpg\" alt=\"Screenshot_20200709-002127_Instagram\" width=\"777\" height=\"1208\">\t\t<\/figure>\n\t<\/a>\n\t\t<\/div>\n<\/div>\n\t<div class=\"swiper-slide\">\n\t<div class=\"wpcp-single-item\">\n\t\t\t<a class=\"wcp-light-box\" data-buttons='[\"close\"]' data-wpc_url='https:\/\/bellyofthesnake.lv\/wp-content\/uploads\/2023\/11\/IMG_20210403_181444_177.jpg' href=\"https:\/\/bellyofthesnake.lv\/wp-content\/uploads\/2023\/11\/IMG_20210403_181444_177.jpg\" data-fancybox=\"wpcp_view\">\n\t\t<figure>\n\t\t\t<img loading=\"lazy\" decoding=\"async\" class=\"skip-lazy\" src=\"https:\/\/bellyofthesnake.lv\/wp-content\/uploads\/2023\/11\/IMG_20210403_181444_177.jpg\" alt=\"IMG_20210403_181444_177\" width=\"826\" height=\"1102\">\t\t<\/figure>\n\t<\/a>\n\t\t<\/div>\n<\/div>\n\t<div class=\"swiper-slide\">\n\t<div class=\"wpcp-single-item\">\n\t\t\t<a class=\"wcp-light-box\" data-buttons='[\"close\"]' data-wpc_url='https:\/\/bellyofthesnake.lv\/wp-content\/uploads\/2023\/11\/Screenshot_20200716-102136_Instagram.jpg' href=\"https:\/\/bellyofthesnake.lv\/wp-content\/uploads\/2023\/11\/Screenshot_20200716-102136_Instagram.jpg\" data-fancybox=\"wpcp_view\">\n\t\t<figure>\n\t\t\t<img loading=\"lazy\" decoding=\"async\" class=\"skip-lazy\" src=\"https:\/\/bellyofthesnake.lv\/wp-content\/uploads\/2023\/11\/Screenshot_20200716-102136_Instagram.jpg\" alt=\"Screenshot_20200716-102136_Instagram\" width=\"1080\" height=\"998\">\t\t<\/figure>\n\t<\/a>\n\t\t<\/div>\n<\/div>\n\t<div class=\"swiper-slide\">\n\t<div class=\"wpcp-single-item\">\n\t\t\t<a class=\"wcp-light-box\" data-buttons='[\"close\"]' data-wpc_url='https:\/\/bellyofthesnake.lv\/wp-content\/uploads\/2023\/11\/IMG_20210428_203014_020.jpg' href=\"https:\/\/bellyofthesnake.lv\/wp-content\/uploads\/2023\/11\/IMG_20210428_203014_020.jpg\" data-fancybox=\"wpcp_view\">\n\t\t<figure>\n\t\t\t<img loading=\"lazy\" decoding=\"async\" class=\"skip-lazy\" src=\"https:\/\/bellyofthesnake.lv\/wp-content\/uploads\/2023\/11\/IMG_20210428_203014_020.jpg\" alt=\"IMG_20210428_203014_020\" width=\"750\" height=\"1000\">\t\t<\/figure>\n\t<\/a>\n\t\t<\/div>\n<\/div>\n\t<div class=\"swiper-slide\">\n\t<div class=\"wpcp-single-item\">\n\t\t\t<a class=\"wcp-light-box\" data-buttons='[\"close\"]' data-wpc_url='https:\/\/bellyofthesnake.lv\/wp-content\/uploads\/2023\/11\/Screenshot_20201017-124139_Instagram.jpg' href=\"https:\/\/bellyofthesnake.lv\/wp-content\/uploads\/2023\/11\/Screenshot_20201017-124139_Instagram.jpg\" data-fancybox=\"wpcp_view\">\n\t\t<figure>\n\t\t\t<img loading=\"lazy\" decoding=\"async\" class=\"skip-lazy\" src=\"https:\/\/bellyofthesnake.lv\/wp-content\/uploads\/2023\/11\/Screenshot_20201017-124139_Instagram.jpg\" alt=\"Screenshot_20201017-124139_Instagram\" width=\"1080\" height=\"1065\">\t\t<\/figure>\n\t<\/a>\n\t\t<\/div>\n<\/div>\n\t<div class=\"swiper-slide\">\n\t<div class=\"wpcp-single-item\">\n\t\t\t<a class=\"wcp-light-box\" data-buttons='[\"close\"]' data-wpc_url='https:\/\/bellyofthesnake.lv\/wp-content\/uploads\/2023\/11\/Screenshot_20201105-220402_Instagram.jpg' href=\"https:\/\/bellyofthesnake.lv\/wp-content\/uploads\/2023\/11\/Screenshot_20201105-220402_Instagram.jpg\" data-fancybox=\"wpcp_view\">\n\t\t<figure>\n\t\t\t<img loading=\"lazy\" decoding=\"async\" class=\"skip-lazy\" src=\"https:\/\/bellyofthesnake.lv\/wp-content\/uploads\/2023\/11\/Screenshot_20201105-220402_Instagram.jpg\" alt=\"Screenshot_20201105-220402_Instagram\" width=\"797\" height=\"465\">\t\t<\/figure>\n\t<\/a>\n\t\t<\/div>\n<\/div>\n\t<div class=\"swiper-slide\">\n\t<div class=\"wpcp-single-item\">\n\t\t\t<a class=\"wcp-light-box\" data-buttons='[\"close\"]' data-wpc_url='https:\/\/bellyofthesnake.lv\/wp-content\/uploads\/2023\/11\/Screenshot_20201104-110628_Instagram.jpg' href=\"https:\/\/bellyofthesnake.lv\/wp-content\/uploads\/2023\/11\/Screenshot_20201104-110628_Instagram.jpg\" data-fancybox=\"wpcp_view\">\n\t\t<figure>\n\t\t\t<img loading=\"lazy\" decoding=\"async\" class=\"skip-lazy\" src=\"https:\/\/bellyofthesnake.lv\/wp-content\/uploads\/2023\/11\/Screenshot_20201104-110628_Instagram.jpg\" alt=\"Screenshot_20201104-110628_Instagram\" width=\"785\" height=\"1169\">\t\t<\/figure>\n\t<\/a>\n\t\t<\/div>\n<\/div>\n\t<div class=\"swiper-slide\">\n\t<div class=\"wpcp-single-item\">\n\t\t\t<a class=\"wcp-light-box\" data-buttons='[\"close\"]' data-wpc_url='https:\/\/bellyofthesnake.lv\/wp-content\/uploads\/2023\/11\/Screenshot_20200907-110715_Instagram.jpg' href=\"https:\/\/bellyofthesnake.lv\/wp-content\/uploads\/2023\/11\/Screenshot_20200907-110715_Instagram.jpg\" data-fancybox=\"wpcp_view\">\n\t\t<figure>\n\t\t\t<img loading=\"lazy\" decoding=\"async\" class=\"skip-lazy\" src=\"https:\/\/bellyofthesnake.lv\/wp-content\/uploads\/2023\/11\/Screenshot_20200907-110715_Instagram.jpg\" alt=\"Screenshot_20200907-110715_Instagram\" width=\"1080\" height=\"1310\">\t\t<\/figure>\n\t<\/a>\n\t\t<\/div>\n<\/div>\n\t<div class=\"swiper-slide\">\n\t<div class=\"wpcp-single-item\">\n\t\t\t<a class=\"wcp-light-box\" data-buttons='[\"close\"]' data-wpc_url='https:\/\/bellyofthesnake.lv\/wp-content\/uploads\/2023\/11\/Screenshot_20210423-003816_Instagram.jpg' href=\"https:\/\/bellyofthesnake.lv\/wp-content\/uploads\/2023\/11\/Screenshot_20210423-003816_Instagram.jpg\" data-fancybox=\"wpcp_view\">\n\t\t<figure>\n\t\t\t<img loading=\"lazy\" decoding=\"async\" class=\"skip-lazy\" src=\"https:\/\/bellyofthesnake.lv\/wp-content\/uploads\/2023\/11\/Screenshot_20210423-003816_Instagram.jpg\" alt=\"Screenshot_20210423-003816_Instagram\" width=\"814\" height=\"954\">\t\t<\/figure>\n\t<\/a>\n\t\t<\/div>\n<\/div>\n\t<div class=\"swiper-slide\">\n\t<div class=\"wpcp-single-item\">\n\t\t\t<a class=\"wcp-light-box\" data-buttons='[\"close\"]' data-wpc_url='https:\/\/bellyofthesnake.lv\/wp-content\/uploads\/2023\/11\/IMG_20220118_115629_268.jpg' href=\"https:\/\/bellyofthesnake.lv\/wp-content\/uploads\/2023\/11\/IMG_20220118_115629_268.jpg\" data-fancybox=\"wpcp_view\">\n\t\t<figure>\n\t\t\t<img loading=\"lazy\" decoding=\"async\" class=\"skip-lazy\" src=\"https:\/\/bellyofthesnake.lv\/wp-content\/uploads\/2023\/11\/IMG_20220118_115629_268.jpg\" alt=\"IMG_20220118_115629_268\" width=\"750\" height=\"1000\">\t\t<\/figure>\n\t<\/a>\n\t\t<\/div>\n<\/div>\n\t<div class=\"swiper-slide\">\n\t<div class=\"wpcp-single-item\">\n\t\t\t<a class=\"wcp-light-box\" data-buttons='[\"close\"]' data-wpc_url='https:\/\/bellyofthesnake.lv\/wp-content\/uploads\/2023\/11\/Screenshot_20220317-133909_Instagram.jpg' href=\"https:\/\/bellyofthesnake.lv\/wp-content\/uploads\/2023\/11\/Screenshot_20220317-133909_Instagram.jpg\" data-fancybox=\"wpcp_view\">\n\t\t<figure>\n\t\t\t<img loading=\"lazy\" decoding=\"async\" class=\"skip-lazy\" src=\"https:\/\/bellyofthesnake.lv\/wp-content\/uploads\/2023\/11\/Screenshot_20220317-133909_Instagram.jpg\" alt=\"Screenshot_20220317-133909_Instagram\" width=\"1080\" height=\"1142\">\t\t<\/figure>\n\t<\/a>\n\t\t<\/div>\n<\/div>\n\t<div class=\"swiper-slide\">\n\t<div class=\"wpcp-single-item\">\n\t\t\t<a class=\"wcp-light-box\" data-buttons='[\"close\"]' data-wpc_url='https:\/\/bellyofthesnake.lv\/wp-content\/uploads\/2023\/11\/Screenshot_20210422-225824_Instagram.jpg' href=\"https:\/\/bellyofthesnake.lv\/wp-content\/uploads\/2023\/11\/Screenshot_20210422-225824_Instagram.jpg\" data-fancybox=\"wpcp_view\">\n\t\t<figure>\n\t\t\t<img loading=\"lazy\" decoding=\"async\" class=\"skip-lazy\" src=\"https:\/\/bellyofthesnake.lv\/wp-content\/uploads\/2023\/11\/Screenshot_20210422-225824_Instagram.jpg\" alt=\"Screenshot_20210422-225824_Instagram\" width=\"1079\" height=\"1082\">\t\t<\/figure>\n\t<\/a>\n\t\t<\/div>\n<\/div>\n\t<div class=\"swiper-slide\">\n\t<div class=\"wpcp-single-item\">\n\t\t\t<a class=\"wcp-light-box\" data-buttons='[\"close\"]' data-wpc_url='https:\/\/bellyofthesnake.lv\/wp-content\/uploads\/2023\/11\/Screenshot_20210329-222426_Instagram.jpg' href=\"https:\/\/bellyofthesnake.lv\/wp-content\/uploads\/2023\/11\/Screenshot_20210329-222426_Instagram.jpg\" data-fancybox=\"wpcp_view\">\n\t\t<figure>\n\t\t\t<img loading=\"lazy\" decoding=\"async\" class=\"skip-lazy\" src=\"https:\/\/bellyofthesnake.lv\/wp-content\/uploads\/2023\/11\/Screenshot_20210329-222426_Instagram.jpg\" alt=\"Screenshot_20210329-222426_Instagram\" width=\"1080\" height=\"977\">\t\t<\/figure>\n\t<\/a>\n\t\t<\/div>\n<\/div>\n\t<div class=\"swiper-slide\">\n\t<div class=\"wpcp-single-item\">\n\t\t\t<a class=\"wcp-light-box\" data-buttons='[\"close\"]' data-wpc_url='https:\/\/bellyofthesnake.lv\/wp-content\/uploads\/2023\/11\/IMG_20200827_014645_298.jpg' href=\"https:\/\/bellyofthesnake.lv\/wp-content\/uploads\/2023\/11\/IMG_20200827_014645_298.jpg\" data-fancybox=\"wpcp_view\">\n\t\t<figure>\n\t\t\t<img loading=\"lazy\" decoding=\"async\" class=\"skip-lazy\" src=\"https:\/\/bellyofthesnake.lv\/wp-content\/uploads\/2023\/11\/IMG_20200827_014645_298.jpg\" alt=\"IMG_20200827_014645_298\" width=\"1080\" height=\"1440\">\t\t<\/figure>\n\t<\/a>\n\t\t<\/div>\n<\/div>\n\t<div class=\"swiper-slide\">\n\t<div class=\"wpcp-single-item\">\n\t\t\t<a class=\"wcp-light-box\" data-buttons='[\"close\"]' data-wpc_url='https:\/\/bellyofthesnake.lv\/wp-content\/uploads\/2023\/11\/Screenshot_20200924-104356_Instagram.jpg' href=\"https:\/\/bellyofthesnake.lv\/wp-content\/uploads\/2023\/11\/Screenshot_20200924-104356_Instagram.jpg\" data-fancybox=\"wpcp_view\">\n\t\t<figure>\n\t\t\t<img loading=\"lazy\" decoding=\"async\" class=\"skip-lazy\" src=\"https:\/\/bellyofthesnake.lv\/wp-content\/uploads\/2023\/11\/Screenshot_20200924-104356_Instagram.jpg\" alt=\"Screenshot_20200924-104356_Instagram\" width=\"798\" height=\"562\">\t\t<\/figure>\n\t<\/a>\n\t\t<\/div>\n<\/div>\n\t\t\t<\/div>\n\t\t\t\t\t<div class=\"wpcp-swiper-dots swiper-pagination\"><\/div>\n\t\t\t\t<!-- If we need navigation buttons -->\n\t\t\t\t\t<div class=\"wpcp-prev-button swiper-button-prev\"><i class=\"fa fa-angle-left\"><\/i><\/div>\n\t\t\t<div class=\"wpcp-next-button swiper-button-next\"><i class=\"fa fa-angle-right\"><\/i><\/div>\n\t\t\t<\/div>\n\t<\/div>\n<\/div>\n\n\n\n\n<p><\/p>\n\n\n\n\n <div class=\"testimonial_group\"> \t<div class=\"testimonial\">\n\t\t<h3 class=\"rr_title\"><\/h3>\n\t\t<div class=\"clear\"><\/div>\n\t\t<span>\n\t\t<div class=\"rr_review_post_id\" style=\"display:none\">\n\t\t\t<a href=\"https:\/\/bellyofthesnake.lv\/lv\/reviews\/\">\n\t\t\t\tAtsauksmes\t\t\t<\/a>\n\t\t<\/div>\n\t\t\t<div class=\"clear\"><\/div>\n\t<\/span>\n\t\t\t<span class=\"rr_date\" style=\"display:none;\"><meta content=\"2022-08-03 09:26:01\">\n\t\t\t<time datetime=\"Wednesday, August 3, 2022\">\n\t\t\t\tWednesday, August 3, 2022\t\t\t<\/time>\n\t\t<\/span>\n\t\t\t<div class=\"stars\">\n\t\t\t&#9733;&#9733;&#9733;&#9733;&#9733;\t\t<\/div>\n\n\t\t\n\n\t\t<div class=\"clear\"><\/div>\n\n\t\t<div class=\"rr_review_text\"  >\n\t\t\t<span class=\"drop_cap\">\u201c<\/span>\n\t\t\t<span>Valerie is the absolute best. I have bought a lot of jewelry from her, the pieces are so well made. The designs are intricate, her eye for detail is sublime. And above all, her prices are more than fair. I get a lot of compliments on my jewelry. I wear them daily and they keep up so well. - A very happy customer<\/span>\u201d\n\t\t<\/div>\n\t\t\t<div class=\"rr_review_name\"> - <span>\n\t\t\tIsa\t\t\t<\/span>\n\t\t\t<\/div>\n\t\t\t<div class=\"clear\"><\/div>\n\t\t<\/div>\n\t\t<div class=\"testimonial\">\n\t\t<h3 class=\"rr_title\"><\/h3>\n\t\t<div class=\"clear\"><\/div>\n\t\t<span>\n\t\t<div class=\"rr_review_post_id\" style=\"display:none\">\n\t\t\t<a href=\"https:\/\/bellyofthesnake.lv\/lv\/reviews\/\">\n\t\t\t\tAtsauksmes\t\t\t<\/a>\n\t\t<\/div>\n\t\t\t<div class=\"clear\"><\/div>\n\t<\/span>\n\t\t\t<span class=\"rr_date\" style=\"display:none;\"><meta content=\"2022-08-09 21:34:28\">\n\t\t\t<time datetime=\"Tuesday, August 9, 2022\">\n\t\t\t\tTuesday, August 9, 2022\t\t\t<\/time>\n\t\t<\/span>\n\t\t\t<div class=\"stars\">\n\t\t\t&#9733;&#9733;&#9733;&#9733;&#9733;\t\t<\/div>\n\n\t\t\n\n\t\t<div class=\"clear\"><\/div>\n\n\t\t<div class=\"rr_review_text\"  >\n\t\t\t<span class=\"drop_cap\">\u201c<\/span>\n\t\t\t<span>I am in love with this jewelry, aesthetics, quality and attention to details are just mind blowing. I never leave the house without my embrace ring, my little snake protector is always with me. Even though it is a bigger ring, it&#039;s extremely comfortable to wear, I never get tired of it! Highly recommend<\/span>\u201d\n\t\t<\/div>\n\t\t\t<div class=\"rr_review_name\"> - <span>\n\t\t\tElena\t\t\t<\/span>\n\t\t\t<\/div>\n\t\t\t<div class=\"clear\"><\/div>\n\t\t<\/div>\n\t\t<div class=\"testimonial\">\n\t\t<h3 class=\"rr_title\"><\/h3>\n\t\t<div class=\"clear\"><\/div>\n\t\t<span>\n\t\t<div class=\"rr_review_post_id\" style=\"display:none\">\n\t\t\t<a href=\"https:\/\/bellyofthesnake.lv\/lv\/reviews\/\">\n\t\t\t\tAtsauksmes\t\t\t<\/a>\n\t\t<\/div>\n\t\t\t<div class=\"clear\"><\/div>\n\t<\/span>\n\t\t\t<span class=\"rr_date\" style=\"display:none;\"><meta content=\"2022-08-09 21:38:30\">\n\t\t\t<time datetime=\"Tuesday, August 9, 2022\">\n\t\t\t\tTuesday, August 9, 2022\t\t\t<\/time>\n\t\t<\/span>\n\t\t\t<div class=\"stars\">\n\t\t\t&#9733;&#9733;&#9733;&#9733;&#9733;\t\t<\/div>\n\n\t\t\n\n\t\t<div class=\"clear\"><\/div>\n\n\t\t<div class=\"rr_review_text\"  >\n\t\t\t<span class=\"drop_cap\">\u201c<\/span>\n\t\t\t<span>I bought two charms and they are my all time favorite! Fast shipping and perfect package!<\/span>\u201d\n\t\t<\/div>\n\t\t\t<div class=\"rr_review_name\"> - <span>\n\t\t\tMarta\t\t\t<\/span>\n\t\t\t<\/div>\n\t\t\t<div class=\"clear\"><\/div>\n\t\t<\/div>\n\t <\/div>\n\n\t\t\t\t\t<!-- clear the floats -->\n\t\t\t\t\t<div class=\"clear\"><\/div>  <div class=\"testimonial_group\"> \t<div class=\"testimonial\">\n\t\t<h3 class=\"rr_title\">Ring &amp; pendant<\/h3>\n\t\t<div class=\"clear\"><\/div>\n\t\t<span>\n\t\t<div class=\"rr_review_post_id\" style=\"display:none\">\n\t\t\t<a href=\"https:\/\/bellyofthesnake.lv\/lv\/reviews\/\">\n\t\t\t\tAtsauksmes\t\t\t<\/a>\n\t\t<\/div>\n\t\t\t<div class=\"clear\"><\/div>\n\t<\/span>\n\t\t\t<span class=\"rr_date\" style=\"display:none;\"><meta content=\"2022-08-24 17:47:22\">\n\t\t\t<time datetime=\"Wednesday, August 24, 2022\">\n\t\t\t\tWednesday, August 24, 2022\t\t\t<\/time>\n\t\t<\/span>\n\t\t\t<div class=\"stars\">\n\t\t\t&#9733;&#9733;&#9733;&#9733;&#9733;\t\t<\/div>\n\n\t\t\n\n\t\t<div class=\"clear\"><\/div>\n\n\t\t<div class=\"rr_review_text\"  >\n\t\t\t<span class=\"drop_cap\">\u201c<\/span>\n\t\t\t<span>I have two pieces from Valerie so far, and always get wonderful compliments from friends and strangers on them! She does an excellent job on all her work, and I highly recommend for anyone looking to get some gorgeous, detailed and unique jewelry.<\/span>\u201d\n\t\t<\/div>\n\t\t\t<div class=\"rr_review_name\"> - <span>\n\t\t\tKrislin\t\t\t<\/span>\n\t\t\t<\/div>\n\t\t\t<div class=\"clear\"><\/div>\n\t\t<\/div>\n\t\t\t\t\t<\/div>\n\t\t\t\t<div class=\"clear\"><\/div>\n\t\t\t\t\t<style>\n\t\t.stars, .rr_star {\n\t\t\tcolor: #ffaf00;\n\t\t}\n\t<\/style>","protected":false},"excerpt":{"rendered":"<p>Parasti klienti atrod mani Instagram\u0101, t\u0101p\u0113c bie\u017ei vien vi\u0146i s\u016bta man savas atsauksmes un rotu bildes priv\u0101ti, nevis caur m\u0101jaslapu. Visas \u0161\u012bs zi\u0146as es glab\u0101ju map\u012bt\u0113, kur\u0101 ik pa laikam ieskatos, kad j\u016btos skumji \ud83d\ude42 Da\u013cu no t\u0101m var redz\u0113t zem\u0101k:<\/p>","protected":false},"author":1,"featured_media":0,"parent":0,"menu_order":0,"comment_status":"closed","ping_status":"closed","template":"","meta":{"footnotes":""},"class_list":["post-2879","page","type-page","status-publish","hentry"],"_links":{"self":[{"href":"https:\/\/bellyofthesnake.lv\/lv\/wp-json\/wp\/v2\/pages\/2879","targetHints":{"allow":["GET"]}}],"collection":[{"href":"https:\/\/bellyofthesnake.lv\/lv\/wp-json\/wp\/v2\/pages"}],"about":[{"href":"https:\/\/bellyofthesnake.lv\/lv\/wp-json\/wp\/v2\/types\/page"}],"author":[{"embeddable":true,"href":"https:\/\/bellyofthesnake.lv\/lv\/wp-json\/wp\/v2\/users\/1"}],"replies":[{"embeddable":true,"href":"https:\/\/bellyofthesnake.lv\/lv\/wp-json\/wp\/v2\/comments?post=2879"}],"version-history":[{"count":11,"href":"https:\/\/bellyofthesnake.lv\/lv\/wp-json\/wp\/v2\/pages\/2879\/revisions"}],"predecessor-version":[{"id":5559,"href":"https:\/\/bellyofthesnake.lv\/lv\/wp-json\/wp\/v2\/pages\/2879\/revisions\/5559"}],"wp:attachment":[{"href":"https:\/\/bellyofthesnake.lv\/lv\/wp-json\/wp\/v2\/media?parent=2879"}],"curies":[{"name":"wp","href":"https:\/\/api.w.org\/{rel}","templated":true}]}}