{"id":475,"date":"2019-09-26T11:27:51","date_gmt":"2019-09-26T08:27:51","guid":{"rendered":"https:\/\/bellyofthesnake.lv\/?page_id=475"},"modified":"2024-11-16T22:43:58","modified_gmt":"2024-11-16T20:43:58","slug":"contact","status":"publish","type":"page","link":"https:\/\/bellyofthesnake.lv\/lv\/contact\/","title":{"rendered":"Kontakti"},"content":{"rendered":"<p>Belly Of The Snake atrodas R\u012bg\u0101, bet \u0161obr\u012bd eksist\u0113 tikai k\u0101 interneta veikals un nav p\u0101rst\u0101v\u0113ts fiziskajos veikalos.<\/p>\n\n\n\n<p>Sazi\u0146ai l\u016bdzu izmantot e-pastu: <a href=\"mail:bellyofthesnek@gmail.com\">bellyofthesnek [at] gmail.com<\/a>.<\/p>\n\n\n\n<p>Pasta adrese sazi\u0146ai (\u0161\u012b adrese NAV dom\u0101ta pre\u010du atgrie\u0161anai):<\/p>\n\n\n\n<p>Valerija Ecina, A.k. 66, R\u012bgas 57. pasta noda\u013ca, R\u012bga, LV-1057, Latvija<\/p>\n\n\n\n\n\n<p><\/p>","protected":false},"excerpt":{"rendered":"<p>Belly Of The Snake is located in Riga, Latvia. It is a solely internet-based shop with no physical storefront. For your inquiries please email directly at bellyofthesnek [at] gmail.com. Contact address (please DO NOT send your returns here!): Valerija Ecina, A.k. 66, R\u012bgas 57. pasta noda\u013ca, R\u012bga, LV-1057, Latvija<\/p>","protected":false},"author":1,"featured_media":0,"parent":0,"menu_order":0,"comment_status":"closed","ping_status":"closed","template":"","meta":{"footnotes":""},"class_list":["post-475","page","type-page","status-publish","hentry"],"_links":{"self":[{"href":"https:\/\/bellyofthesnake.lv\/lv\/wp-json\/wp\/v2\/pages\/475","targetHints":{"allow":["GET"]}}],"collection":[{"href":"https:\/\/bellyofthesnake.lv\/lv\/wp-json\/wp\/v2\/pages"}],"about":[{"href":"https:\/\/bellyofthesnake.lv\/lv\/wp-json\/wp\/v2\/types\/page"}],"author":[{"embeddable":true,"href":"https:\/\/bellyofthesnake.lv\/lv\/wp-json\/wp\/v2\/users\/1"}],"replies":[{"embeddable":true,"href":"https:\/\/bellyofthesnake.lv\/lv\/wp-json\/wp\/v2\/comments?post=475"}],"version-history":[{"count":7,"href":"https:\/\/bellyofthesnake.lv\/lv\/wp-json\/wp\/v2\/pages\/475\/revisions"}],"predecessor-version":[{"id":5212,"href":"https:\/\/bellyofthesnake.lv\/lv\/wp-json\/wp\/v2\/pages\/475\/revisions\/5212"}],"wp:attachment":[{"href":"https:\/\/bellyofthesnake.lv\/lv\/wp-json\/wp\/v2\/media?parent=475"}],"curies":[{"name":"wp","href":"https:\/\/api.w.org\/{rel}","templated":true}]}}