{"id":71,"date":"2019-07-20T00:53:33","date_gmt":"2019-07-19T21:53:33","guid":{"rendered":"http:\/\/bellyofthesnake.lv\/?page_id=71"},"modified":"2024-12-28T19:29:36","modified_gmt":"2024-12-28T17:29:36","slug":"gallery","status":"publish","type":"page","link":"https:\/\/bellyofthesnake.lv\/lv\/gallery\/","title":{"rendered":"Galerija"},"content":{"rendered":"<p>Da\u017ei no manis tais\u012btiem inidividu\u0101liem pas\u016bt\u012bjumiem (tagad individu\u0101lus pas\u016bt\u012bjumus es vairs nepie\u0146emu):<\/p>\n\n\n<style id=\"wp_carousel_dynamic_css4222\">#sp-wp-carousel-free-id-4222.sp-wpcp-4222 .wpcp-single-item {border: 1px solid #dddddd;}#sp-wp-carousel-free-id-4222.sp-wpcp-4222 .swiper-button-prev,#sp-wp-carousel-free-id-4222.sp-wpcp-4222 .swiper-button-next,#sp-wp-carousel-free-id-4222.sp-wpcp-4222 .swiper-button-prev:hover,#sp-wp-carousel-free-id-4222.sp-wpcp-4222 .swiper-button-next:hover {background: none;border: none;font-size: 30px;}#sp-wp-carousel-free-id-4222.sp-wpcp-4222 .swiper-button-prev i,#sp-wp-carousel-free-id-4222.sp-wpcp-4222 .swiper-button-next i {color: #aaa;}#sp-wp-carousel-free-id-4222.sp-wpcp-4222 .swiper-button-prev i:hover,#sp-wp-carousel-free-id-4222.sp-wpcp-4222 .swiper-button-next i:hover {color: #178087;}#sp-wp-carousel-free-id-4222.sp-wpcp-4222 .wpcp-swiper-dots .swiper-pagination-bullet {background-color: #cccccc;}#sp-wp-carousel-free-id-4222.sp-wpcp-4222 .wpcp-swiper-dots .swiper-pagination-bullet.swiper-pagination-bullet-active {background-color: #178087;}@media screen and (max-width: 479px) {#sp-wp-carousel-free-id-4222.nav-vertical-center {padding: 0;margin:0;}#sp-wp-carousel-free-id-4222.nav-vertical-center .wpcp-next-button,#sp-wp-carousel-free-id-4222.nav-vertical-center .wpcp-prev-button {display: none;}}#sp-wp-carousel-free-id-4222 .wpcpro-row>[class*=\"wpcpro-col-\"] { padding: 0 10px; padding-bottom: 20px;}@media (min-width: 480px) { .wpcpro-row .wpcpro-col-sm-1 { flex: 0 0 100%; max-width: 100%; } .wpcpro-row .wpcpro-col-sm-2 { flex: 0 0 50%; max-width: 50%; } .wpcpro-row .wpcpro-col-sm-2-5 { flex: 0 0 75%; max-width: 75%; } .wpcpro-row .wpcpro-col-sm-3 { flex: 0 0 33.333%; max-width: 33.333%; } .wpcpro-row .wpcpro-col-sm-4 { flex: 0 0 25%; max-width: 25%; } .wpcpro-row .wpcpro-col-sm-5 { flex: 0 0 20%; max-width: 20%; } .wpcpro-row .wpcpro-col-sm-6 { flex: 0 0 16.66666666666667%; max-width: 16.66666666666667%; } .wpcpro-row .wpcpro-col-sm-7 { flex: 0 0 14.28571428%; max-width: 14.28571428%; } .wpcpro-row .wpcpro-col-sm-8 { flex: 0 0 12.5%; max-width: 12.5%; } } @media (max-width: 480px) { .wpcpro-row .wpcpro-col-xs-1 { flex: 0 0 100%; max-width: 100%; } .wpcpro-row .wpcpro-col-xs-2 { flex: 0 0 50%; max-width: 50%; } .wpcpro-row .wpcpro-col-xs-3 { flex: 0 0 33.222%; max-width: 33.222%; } .wpcpro-row .wpcpro-col-xs-4 { flex: 0 0 25%; max-width: 25%; } .wpcpro-row .wpcpro-col-xs-5 { flex: 0 0 20%; max-width: 20%; } .wpcpro-row .wpcpro-col-xs-6 { flex: 0 0 16.6667%; max-width: 16.6667%; } .wpcpro-row .wpcpro-col-xs-7 { flex: 0 0 14.28571428%; max-width: 14.28571428%; } .wpcpro-row .wpcpro-col-xs-8 { flex: 0 0 12.5%; max-width: 12.5%; } } @media (min-width: 736px) { .wpcpro-row .wpcpro-col-md-1 { flex: 0 0 100%; max-width: 100%; } .wpcpro-row .wpcpro-col-md-2 { flex: 0 0 50%; max-width: 50%; } .wpcpro-row .wpcpro-col-md-2-5 { flex: 0 0 75%; max-width: 75%; } .wpcpro-row .wpcpro-col-md-3 { flex: 0 0 33.333%; max-width: 33.333%; } .wpcpro-row .wpcpro-col-md-4 { flex: 0 0 25%; max-width: 25%; } .wpcpro-row .wpcpro-col-md-5 { flex: 0 0 20%; max-width: 20%; } .wpcpro-row .wpcpro-col-md-6 { flex: 0 0 16.66666666666667%; max-width: 16.66666666666667%; } .wpcpro-row .wpcpro-col-md-7 { flex: 0 0 14.28571428%; max-width: 14.28571428%; } .wpcpro-row .wpcpro-col-md-8 { flex: 0 0 12.5%; max-width: 12.5%; } } @media (min-width: 980px) { .wpcpro-row .wpcpro-col-lg-1 { flex: 0 0 100%; max-width: 100%; } .wpcpro-row .wpcpro-col-lg-2 { flex: 0 0 50%; max-width: 50%; } .wpcpro-row .wpcpro-col-lg-3 { flex: 0 0 33.222%; max-width: 33.222%; } .wpcpro-row .wpcpro-col-lg-4 { flex: 0 0 25%; max-width: 25%; } .wpcpro-row .wpcpro-col-lg-5 { flex: 0 0 20%; max-width: 20%; } .wpcpro-row .wpcpro-col-lg-6 { flex: 0 0 16.6667%; max-width: 16.6667%; } .wpcpro-row .wpcpro-col-lg-7 { flex: 0 0 14.28571428%; max-width: 14.28571428%; } .wpcpro-row .wpcpro-col-lg-8 { flex: 0 0 12.5%; max-width: 12.5%; } } @media (min-width: 1200px) { .wpcpro-row .wpcpro-col-xl-1 { flex: 0 0 100%; max-width: 100%; } .wpcpro-row .wpcpro-col-xl-2 { flex: 0 0 50%; max-width: 50%; } .wpcpro-row .wpcpro-col-xl-3 { flex: 0 0 33.22222222%; max-width: 33.22222222%; } .wpcpro-row .wpcpro-col-xl-4 { flex: 0 0 25%; max-width: 25%; } .wpcpro-row .wpcpro-col-xl-5 { flex: 0 0 20%; max-width: 20%; } .wpcpro-row .wpcpro-col-xl-6 { flex: 0 0 16.66667%; max-width: 16.66667%; } .wpcpro-row .wpcpro-col-xl-7 { flex: 0 0 14.28571428%; max-width: 14.28571428%; } .wpcpro-row .wpcpro-col-xl-8 { flex: 0 0 12.5%; max-width: 12.5%; } }<\/style><div class=\"wpcp-carousel-wrapper wpcp-wrapper-4222\">\n\t<div id=\"wpcp-preloader-4222\" class=\"wpcp-carousel-preloader\"><img decoding=\"async\" src=\"https:\/\/bellyofthesnake.lv\/wp-content\/plugins\/wp-carousel-free\/public\/css\/spinner.svg\" alt=\"Preloader Image\" \/><\/div>\t<div class=\"wpcp-carousel-content-wrapper\">\n\t<div id=\"sp-wp-carousel-free-id-4222\" class=\"wpcp-carousel-section sp-wpcp-4222  nav-vertical-center wpcp-image-carousel wpcp-preloader wpcp-standard\" data-swiper='{ \"accessibility\":true, \"spaceBetween\":20, \"arrows\":true, \"freeMode\": false, \"autoplay\":true, \"autoplaySpeed\":3000, \"dots\":true, \"infinite\":true, \"speed\":600, \"pauseOnHover\":true,\t\t\t\"slidesToShow\":{\"lg_desktop\":5, \"desktop\": 4, \"laptop\": 3, \"tablet\": 2, \"mobile\": 1}, \"responsive\":{\"desktop\":1200, \"laptop\": 980, \"tablet\": 736, \"mobile\": 480}, \"rtl\":false, \"lazyLoad\": \"false\", \"swipe\": true, \"draggable\": true, \"swipeToSlide\":false }'   dir=\"ltr\">\n\t\t<div class=\"swiper-wrapper\">\n\t\t<div class=\"swiper-slide\">\n\t<div class=\"wpcp-single-item\">\n\t\t\t<a class=\"wcp-light-box\" data-buttons='[\"close\"]' data-wpc_url='https:\/\/bellyofthesnake.lv\/wp-content\/uploads\/2023\/08\/IMG_20230804_221228_100-01-scaled.jpeg' href=\"https:\/\/bellyofthesnake.lv\/wp-content\/uploads\/2023\/08\/IMG_20230804_221228_100-01-scaled.jpeg\" data-fancybox=\"wpcp_view\">\n\t\t<figure>\n\t\t\t<img loading=\"lazy\" decoding=\"async\" class=\"skip-lazy\" src=\"https:\/\/bellyofthesnake.lv\/wp-content\/uploads\/2023\/08\/IMG_20230804_221228_100-01-scaled.jpeg\" alt=\"IMG_20230804_221228_100-01\" width=\"2048\" height=\"1536\">\t\t<\/figure>\n\t<\/a>\n\t\t<\/div>\n<\/div>\n\t<div class=\"swiper-slide\">\n\t<div class=\"wpcp-single-item\">\n\t\t\t<a class=\"wcp-light-box\" data-buttons='[\"close\"]' data-wpc_url='https:\/\/bellyofthesnake.lv\/wp-content\/uploads\/2023\/02\/Screenshot_20230219_165428_Gallery.jpg' href=\"https:\/\/bellyofthesnake.lv\/wp-content\/uploads\/2023\/02\/Screenshot_20230219_165428_Gallery.jpg\" data-fancybox=\"wpcp_view\">\n\t\t<figure>\n\t\t\t<img loading=\"lazy\" decoding=\"async\" class=\"skip-lazy\" src=\"https:\/\/bellyofthesnake.lv\/wp-content\/uploads\/2023\/02\/Screenshot_20230219_165428_Gallery.jpg\" alt=\"Screenshot_20230219_165428_Gallery\" width=\"1027\" height=\"1098\">\t\t<\/figure>\n\t<\/a>\n\t\t<\/div>\n<\/div>\n\t<div class=\"swiper-slide\">\n\t<div class=\"wpcp-single-item\">\n\t\t\t<a class=\"wcp-light-box\" data-buttons='[\"close\"]' data-wpc_url='https:\/\/bellyofthesnake.lv\/wp-content\/uploads\/2023\/02\/Screenshot_20230219_164241_Gallery.jpg' href=\"https:\/\/bellyofthesnake.lv\/wp-content\/uploads\/2023\/02\/Screenshot_20230219_164241_Gallery.jpg\" data-fancybox=\"wpcp_view\">\n\t\t<figure>\n\t\t\t<img loading=\"lazy\" decoding=\"async\" class=\"skip-lazy\" src=\"https:\/\/bellyofthesnake.lv\/wp-content\/uploads\/2023\/02\/Screenshot_20230219_164241_Gallery.jpg\" alt=\"Screenshot_20230219_164241_Gallery\" width=\"1079\" height=\"948\">\t\t<\/figure>\n\t<\/a>\n\t\t<\/div>\n<\/div>\n\t<div class=\"swiper-slide\">\n\t<div class=\"wpcp-single-item\">\n\t\t\t<a class=\"wcp-light-box\" data-buttons='[\"close\"]' data-wpc_url='https:\/\/bellyofthesnake.lv\/wp-content\/uploads\/2022\/03\/20220318_122308-scaled.jpg' href=\"https:\/\/bellyofthesnake.lv\/wp-content\/uploads\/2022\/03\/20220318_122308-scaled.jpg\" data-fancybox=\"wpcp_view\">\n\t\t<figure>\n\t\t\t<img loading=\"lazy\" decoding=\"async\" class=\"skip-lazy\" src=\"https:\/\/bellyofthesnake.lv\/wp-content\/uploads\/2022\/03\/20220318_122308-scaled.jpg\" alt=\"Processed with VSCO with j2 preset\" width=\"2048\" height=\"2048\">\t\t<\/figure>\n\t<\/a>\n\t\t<\/div>\n<\/div>\n\t<div class=\"swiper-slide\">\n\t<div class=\"wpcp-single-item\">\n\t\t\t<a class=\"wcp-light-box\" data-buttons='[\"close\"]' data-wpc_url='https:\/\/bellyofthesnake.lv\/wp-content\/uploads\/2022\/03\/20210428_183259-02.jpeg' href=\"https:\/\/bellyofthesnake.lv\/wp-content\/uploads\/2022\/03\/20210428_183259-02.jpeg\" data-fancybox=\"wpcp_view\">\n\t\t<figure>\n\t\t\t<img loading=\"lazy\" decoding=\"async\" class=\"skip-lazy\" src=\"https:\/\/bellyofthesnake.lv\/wp-content\/uploads\/2022\/03\/20210428_183259-02.jpeg\" alt=\"20210428_183259-02\" width=\"2046\" height=\"2046\">\t\t<\/figure>\n\t<\/a>\n\t\t<\/div>\n<\/div>\n\t<div class=\"swiper-slide\">\n\t<div class=\"wpcp-single-item\">\n\t\t\t<a class=\"wcp-light-box\" data-buttons='[\"close\"]' data-wpc_url='https:\/\/bellyofthesnake.lv\/wp-content\/uploads\/2023\/02\/Screenshot_20230219_164335_Gallery.jpg' href=\"https:\/\/bellyofthesnake.lv\/wp-content\/uploads\/2023\/02\/Screenshot_20230219_164335_Gallery.jpg\" data-fancybox=\"wpcp_view\">\n\t\t<figure>\n\t\t\t<img loading=\"lazy\" decoding=\"async\" class=\"skip-lazy\" src=\"https:\/\/bellyofthesnake.lv\/wp-content\/uploads\/2023\/02\/Screenshot_20230219_164335_Gallery.jpg\" alt=\"Screenshot_20230219_164335_Gallery\" width=\"1080\" height=\"726\">\t\t<\/figure>\n\t<\/a>\n\t\t<\/div>\n<\/div>\n\t<div class=\"swiper-slide\">\n\t<div class=\"wpcp-single-item\">\n\t\t\t<a class=\"wcp-light-box\" data-buttons='[\"close\"]' data-wpc_url='https:\/\/bellyofthesnake.lv\/wp-content\/uploads\/2022\/03\/20210422_154510-02-scaled.jpeg' href=\"https:\/\/bellyofthesnake.lv\/wp-content\/uploads\/2022\/03\/20210422_154510-02-scaled.jpeg\" data-fancybox=\"wpcp_view\">\n\t\t<figure>\n\t\t\t<img loading=\"lazy\" decoding=\"async\" class=\"skip-lazy\" src=\"https:\/\/bellyofthesnake.lv\/wp-content\/uploads\/2022\/03\/20210422_154510-02-scaled.jpeg\" alt=\"20210422_154510-02\" width=\"1152\" height=\"2048\">\t\t<\/figure>\n\t<\/a>\n\t\t<\/div>\n<\/div>\n\t<div class=\"swiper-slide\">\n\t<div class=\"wpcp-single-item\">\n\t\t\t<a class=\"wcp-light-box\" data-buttons='[\"close\"]' data-wpc_url='https:\/\/bellyofthesnake.lv\/wp-content\/uploads\/2023\/11\/20191212_115141-01-scaled.jpeg' href=\"https:\/\/bellyofthesnake.lv\/wp-content\/uploads\/2023\/11\/20191212_115141-01-scaled.jpeg\" data-fancybox=\"wpcp_view\">\n\t\t<figure>\n\t\t\t<img loading=\"lazy\" decoding=\"async\" class=\"skip-lazy\" src=\"https:\/\/bellyofthesnake.lv\/wp-content\/uploads\/2023\/11\/20191212_115141-01-scaled.jpeg\" alt=\"20191212_115141-01\" width=\"2048\" height=\"2048\">\t\t<\/figure>\n\t<\/a>\n\t\t<\/div>\n<\/div>\n\t<div class=\"swiper-slide\">\n\t<div class=\"wpcp-single-item\">\n\t\t\t<a class=\"wcp-light-box\" data-buttons='[\"close\"]' data-wpc_url='https:\/\/bellyofthesnake.lv\/wp-content\/uploads\/2023\/11\/20200109_143714-scaled.jpg' href=\"https:\/\/bellyofthesnake.lv\/wp-content\/uploads\/2023\/11\/20200109_143714-scaled.jpg\" data-fancybox=\"wpcp_view\">\n\t\t<figure>\n\t\t\t<img loading=\"lazy\" decoding=\"async\" class=\"skip-lazy\" src=\"https:\/\/bellyofthesnake.lv\/wp-content\/uploads\/2023\/11\/20200109_143714-scaled.jpg\" alt=\"20200109_143714\" width=\"2048\" height=\"2048\">\t\t<\/figure>\n\t<\/a>\n\t\t<\/div>\n<\/div>\n\t<div class=\"swiper-slide\">\n\t<div class=\"wpcp-single-item\">\n\t\t\t<a class=\"wcp-light-box\" data-buttons='[\"close\"]' data-wpc_url='https:\/\/bellyofthesnake.lv\/wp-content\/uploads\/2023\/11\/20230914_173714-scaled.jpg' href=\"https:\/\/bellyofthesnake.lv\/wp-content\/uploads\/2023\/11\/20230914_173714-scaled.jpg\" data-fancybox=\"wpcp_view\">\n\t\t<figure>\n\t\t\t<img loading=\"lazy\" decoding=\"async\" class=\"skip-lazy\" src=\"https:\/\/bellyofthesnake.lv\/wp-content\/uploads\/2023\/11\/20230914_173714-scaled.jpg\" alt=\"20230914_173714\" width=\"2048\" height=\"2048\">\t\t<\/figure>\n\t<\/a>\n\t\t<\/div>\n<\/div>\n\t<div class=\"swiper-slide\">\n\t<div class=\"wpcp-single-item\">\n\t\t\t<a class=\"wcp-light-box\" data-buttons='[\"close\"]' data-wpc_url='https:\/\/bellyofthesnake.lv\/wp-content\/uploads\/2023\/11\/20230614_222211-scaled.jpg' href=\"https:\/\/bellyofthesnake.lv\/wp-content\/uploads\/2023\/11\/20230614_222211-scaled.jpg\" data-fancybox=\"wpcp_view\">\n\t\t<figure>\n\t\t\t<img loading=\"lazy\" decoding=\"async\" class=\"skip-lazy\" src=\"https:\/\/bellyofthesnake.lv\/wp-content\/uploads\/2023\/11\/20230614_222211-scaled.jpg\" alt=\"20230614_222211\" width=\"2048\" height=\"2048\">\t\t<\/figure>\n\t<\/a>\n\t\t<\/div>\n<\/div>\n\t<div class=\"swiper-slide\">\n\t<div class=\"wpcp-single-item\">\n\t\t\t<a class=\"wcp-light-box\" data-buttons='[\"close\"]' data-wpc_url='https:\/\/bellyofthesnake.lv\/wp-content\/uploads\/2023\/11\/20200109_144932-1-scaled.jpg' href=\"https:\/\/bellyofthesnake.lv\/wp-content\/uploads\/2023\/11\/20200109_144932-1-scaled.jpg\" data-fancybox=\"wpcp_view\">\n\t\t<figure>\n\t\t\t<img loading=\"lazy\" decoding=\"async\" class=\"skip-lazy\" src=\"https:\/\/bellyofthesnake.lv\/wp-content\/uploads\/2023\/11\/20200109_144932-1-scaled.jpg\" alt=\"20200109_144932 (1)\" width=\"2048\" height=\"2048\">\t\t<\/figure>\n\t<\/a>\n\t\t<\/div>\n<\/div>\n\t<div class=\"swiper-slide\">\n\t<div class=\"wpcp-single-item\">\n\t\t\t<a class=\"wcp-light-box\" data-buttons='[\"close\"]' data-wpc_url='https:\/\/bellyofthesnake.lv\/wp-content\/uploads\/2023\/11\/20231128_162947-scaled.jpg' href=\"https:\/\/bellyofthesnake.lv\/wp-content\/uploads\/2023\/11\/20231128_162947-scaled.jpg\" data-fancybox=\"wpcp_view\">\n\t\t<figure>\n\t\t\t<img loading=\"lazy\" decoding=\"async\" class=\"skip-lazy\" src=\"https:\/\/bellyofthesnake.lv\/wp-content\/uploads\/2023\/11\/20231128_162947-scaled.jpg\" alt=\"Processed with VSCO with j2 preset\" width=\"2048\" height=\"2048\">\t\t<\/figure>\n\t<\/a>\n\t\t<\/div>\n<\/div>\n\t<div class=\"swiper-slide\">\n\t<div class=\"wpcp-single-item\">\n\t\t\t<a class=\"wcp-light-box\" data-buttons='[\"close\"]' data-wpc_url='https:\/\/bellyofthesnake.lv\/wp-content\/uploads\/2023\/11\/20210208_142533-01-02.jpeg' href=\"https:\/\/bellyofthesnake.lv\/wp-content\/uploads\/2023\/11\/20210208_142533-01-02.jpeg\" data-fancybox=\"wpcp_view\">\n\t\t<figure>\n\t\t\t<img loading=\"lazy\" decoding=\"async\" class=\"skip-lazy\" src=\"https:\/\/bellyofthesnake.lv\/wp-content\/uploads\/2023\/11\/20210208_142533-01-02.jpeg\" alt=\"20210208_142533-01-02\" width=\"1780\" height=\"1778\">\t\t<\/figure>\n\t<\/a>\n\t\t<\/div>\n<\/div>\n\t<div class=\"swiper-slide\">\n\t<div class=\"wpcp-single-item\">\n\t\t\t<a class=\"wcp-light-box\" data-buttons='[\"close\"]' data-wpc_url='https:\/\/bellyofthesnake.lv\/wp-content\/uploads\/2024\/12\/DSCF6917.jpg' href=\"https:\/\/bellyofthesnake.lv\/wp-content\/uploads\/2024\/12\/DSCF6917.jpg\" data-fancybox=\"wpcp_view\">\n\t\t<figure>\n\t\t\t<img loading=\"lazy\" decoding=\"async\" class=\"skip-lazy\" src=\"https:\/\/bellyofthesnake.lv\/wp-content\/uploads\/2024\/12\/DSCF6917.jpg\" alt=\"DSCF6917\" width=\"2048\" height=\"2048\">\t\t<\/figure>\n\t<\/a>\n\t\t<\/div>\n<\/div>\n\t<div class=\"swiper-slide\">\n\t<div class=\"wpcp-single-item\">\n\t\t\t<a class=\"wcp-light-box\" data-buttons='[\"close\"]' data-wpc_url='https:\/\/bellyofthesnake.lv\/wp-content\/uploads\/2024\/12\/DSCF0994-1.jpg' href=\"https:\/\/bellyofthesnake.lv\/wp-content\/uploads\/2024\/12\/DSCF0994-1.jpg\" data-fancybox=\"wpcp_view\">\n\t\t<figure>\n\t\t\t<img loading=\"lazy\" decoding=\"async\" class=\"skip-lazy\" src=\"https:\/\/bellyofthesnake.lv\/wp-content\/uploads\/2024\/12\/DSCF0994-1.jpg\" alt=\"DSCF0994 (1)\" width=\"2048\" height=\"2048\">\t\t<\/figure>\n\t<\/a>\n\t\t<\/div>\n<\/div>\n\t<div class=\"swiper-slide\">\n\t<div class=\"wpcp-single-item\">\n\t\t\t<a class=\"wcp-light-box\" data-buttons='[\"close\"]' data-wpc_url='https:\/\/bellyofthesnake.lv\/wp-content\/uploads\/2024\/12\/20230911_123657-01.jpeg' href=\"https:\/\/bellyofthesnake.lv\/wp-content\/uploads\/2024\/12\/20230911_123657-01.jpeg\" data-fancybox=\"wpcp_view\">\n\t\t<figure>\n\t\t\t<img loading=\"lazy\" decoding=\"async\" class=\"skip-lazy\" src=\"https:\/\/bellyofthesnake.lv\/wp-content\/uploads\/2024\/12\/20230911_123657-01.jpeg\" alt=\"20230911_123657-01\" width=\"1872\" height=\"1872\">\t\t<\/figure>\n\t<\/a>\n\t\t<\/div>\n<\/div>\n\t\t\t<\/div>\n\t\t\t\t\t<div class=\"wpcp-swiper-dots swiper-pagination\"><\/div>\n\t\t\t\t<!-- If we need navigation buttons -->\n\t\t\t\t\t<div class=\"wpcp-prev-button swiper-button-prev\"><i class=\"fa fa-angle-left\"><\/i><\/div>\n\t\t\t<div class=\"wpcp-next-button swiper-button-next\"><i class=\"fa fa-angle-right\"><\/i><\/div>\n\t\t\t<\/div>\n\t<\/div>\n<\/div>","protected":false},"excerpt":{"rendered":"<p>Da\u017ei no manis tais\u012btiem inidividu\u0101liem pas\u016bt\u012bjumiem (tagad individu\u0101lus pas\u016bt\u012bjumus es vairs nepie\u0146emu):<\/p>","protected":false},"author":1,"featured_media":0,"parent":0,"menu_order":0,"comment_status":"closed","ping_status":"closed","template":"","meta":{"footnotes":""},"class_list":["post-71","page","type-page","status-publish","hentry"],"_links":{"self":[{"href":"https:\/\/bellyofthesnake.lv\/lv\/wp-json\/wp\/v2\/pages\/71","targetHints":{"allow":["GET"]}}],"collection":[{"href":"https:\/\/bellyofthesnake.lv\/lv\/wp-json\/wp\/v2\/pages"}],"about":[{"href":"https:\/\/bellyofthesnake.lv\/lv\/wp-json\/wp\/v2\/types\/page"}],"author":[{"embeddable":true,"href":"https:\/\/bellyofthesnake.lv\/lv\/wp-json\/wp\/v2\/users\/1"}],"replies":[{"embeddable":true,"href":"https:\/\/bellyofthesnake.lv\/lv\/wp-json\/wp\/v2\/comments?post=71"}],"version-history":[{"count":30,"href":"https:\/\/bellyofthesnake.lv\/lv\/wp-json\/wp\/v2\/pages\/71\/revisions"}],"predecessor-version":[{"id":5334,"href":"https:\/\/bellyofthesnake.lv\/lv\/wp-json\/wp\/v2\/pages\/71\/revisions\/5334"}],"wp:attachment":[{"href":"https:\/\/bellyofthesnake.lv\/lv\/wp-json\/wp\/v2\/media?parent=71"}],"curies":[{"name":"wp","href":"https:\/\/api.w.org\/{rel}","templated":true}]}}