{"id":2514,"date":"2022-10-01T13:00:31","date_gmt":"2022-10-01T10:00:31","guid":{"rendered":"https:\/\/bellyofthesnake.lv\/?post_type=product&#038;p=2514"},"modified":"2023-08-05T23:30:39","modified_gmt":"2023-08-05T20:30:39","slug":"fish-pendant-boulder-opal","status":"publish","type":"product","link":"https:\/\/bellyofthesnake.lv\/lv\/shop\/pendants-necklaces\/fish-pendant-boulder-opal\/","title":{"rendered":"Silver fish pendant with Australian boulder opal (double sided)"},"content":{"rendered":"","protected":false},"excerpt":{"rendered":"<ul>\n<li>A fish pendant completely hand carved and cast in 925 sterling silver<\/li>\n<li>I think it&#8217;s a sprat, but a friend said that it&#8217;s a herring<\/li>\n<li>Set with an Australian boulder opal. It is mostly blue, but becomes more teal under bright light<\/li>\n<li>Officially hallmarked \u201c925\u201d<\/li>\n<li>\u0136\u0113de komplekt\u0101 nav iek\u013cauta<\/li>\n<li>Tiks nodots pieg\u0101dei 2-5 dienu laik\u0101<\/li>\n<\/ul>","protected":false},"featured_media":3731,"template":"","meta":[],"product_brand":[],"product_cat":[111],"product_tag":[104],"class_list":{"0":"post-2514","1":"product","2":"type-product","3":"status-publish","4":"has-post-thumbnail","6":"product_cat-pendants-necklaces","7":"product_tag-pendant","9":"first","10":"outofstock","11":"sale","12":"taxable","13":"shipping-taxable","14":"purchasable","15":"product-type-simple"},"_links":{"self":[{"href":"https:\/\/bellyofthesnake.lv\/lv\/wp-json\/wp\/v2\/product\/2514","targetHints":{"allow":["GET"]}}],"collection":[{"href":"https:\/\/bellyofthesnake.lv\/lv\/wp-json\/wp\/v2\/product"}],"about":[{"href":"https:\/\/bellyofthesnake.lv\/lv\/wp-json\/wp\/v2\/types\/product"}],"wp:featuredmedia":[{"embeddable":true,"href":"https:\/\/bellyofthesnake.lv\/lv\/wp-json\/wp\/v2\/media\/3731"}],"wp:attachment":[{"href":"https:\/\/bellyofthesnake.lv\/lv\/wp-json\/wp\/v2\/media?parent=2514"}],"wp:term":[{"taxonomy":"product_brand","embeddable":true,"href":"https:\/\/bellyofthesnake.lv\/lv\/wp-json\/wp\/v2\/product_brand?post=2514"},{"taxonomy":"product_cat","embeddable":true,"href":"https:\/\/bellyofthesnake.lv\/lv\/wp-json\/wp\/v2\/product_cat?post=2514"},{"taxonomy":"product_tag","embeddable":true,"href":"https:\/\/bellyofthesnake.lv\/lv\/wp-json\/wp\/v2\/product_tag?post=2514"}],"curies":[{"name":"wp","href":"https:\/\/api.w.org\/{rel}","templated":true}]}}