{"id":2834,"date":"2022-10-01T13:00:27","date_gmt":"2022-10-01T10:00:27","guid":{"rendered":"https:\/\/bellyofthesnake.lv\/?post_type=product&#038;p=2834"},"modified":"2023-07-03T11:52:50","modified_gmt":"2023-07-03T08:52:50","slug":"snakeskin-pendant-serpentine","status":"publish","type":"product","link":"https:\/\/bellyofthesnake.lv\/lv\/shop\/pendants-necklaces\/snakeskin-pendant-serpentine\/","title":{"rendered":"[Special offer] Snakeskin pendant &#8211; serpentine"},"content":{"rendered":"","protected":false},"excerpt":{"rendered":"<p><strong>This is a special offer item. I&#8217;m offering it almost for free, but there&#8217;s a catch. You can only buy it together with a full priced item, otherwise for this pendant alone the shipping price will be set to 10000\u20ac &#x1f607;<\/strong><\/p>\n<p>&nbsp;<\/p>\n<p>Small, easy to style but with a bit of an edge is the main idea behind my Snakeskin pendants. Every single one is handcarved to fit a particular stone. This one holds a rosecut serpentine.<\/p>\n<ul>\n<li>925. sudraba z\u012bmogs no Latvijas proves biroja<\/li>\n<li>Size: 1.6 x 1.4 cm without jump ring<\/li>\n<li>\u0136\u0113de komplekt\u0101 nav iek\u013cauta<\/li>\n<li>Tiks nodots pieg\u0101dei 2-5 dienu laik\u0101<\/li>\n<\/ul>","protected":false},"featured_media":3635,"template":"","meta":[],"product_brand":[],"product_cat":[111],"product_tag":[],"class_list":{"0":"post-2834","1":"product","2":"type-product","3":"status-publish","4":"has-post-thumbnail","6":"product_cat-pendants-necklaces","8":"first","9":"outofstock","10":"taxable","11":"shipping-taxable","12":"purchasable","13":"product-type-simple"},"_links":{"self":[{"href":"https:\/\/bellyofthesnake.lv\/lv\/wp-json\/wp\/v2\/product\/2834","targetHints":{"allow":["GET"]}}],"collection":[{"href":"https:\/\/bellyofthesnake.lv\/lv\/wp-json\/wp\/v2\/product"}],"about":[{"href":"https:\/\/bellyofthesnake.lv\/lv\/wp-json\/wp\/v2\/types\/product"}],"wp:featuredmedia":[{"embeddable":true,"href":"https:\/\/bellyofthesnake.lv\/lv\/wp-json\/wp\/v2\/media\/3635"}],"wp:attachment":[{"href":"https:\/\/bellyofthesnake.lv\/lv\/wp-json\/wp\/v2\/media?parent=2834"}],"wp:term":[{"taxonomy":"product_brand","embeddable":true,"href":"https:\/\/bellyofthesnake.lv\/lv\/wp-json\/wp\/v2\/product_brand?post=2834"},{"taxonomy":"product_cat","embeddable":true,"href":"https:\/\/bellyofthesnake.lv\/lv\/wp-json\/wp\/v2\/product_cat?post=2834"},{"taxonomy":"product_tag","embeddable":true,"href":"https:\/\/bellyofthesnake.lv\/lv\/wp-json\/wp\/v2\/product_tag?post=2834"}],"curies":[{"name":"wp","href":"https:\/\/api.w.org\/{rel}","templated":true}]}}