{"id":2909,"date":"2022-10-01T13:00:08","date_gmt":"2022-10-01T10:00:08","guid":{"rendered":"https:\/\/bellyofthesnake.lv\/?post_type=product&#038;p=2909"},"modified":"2023-12-25T00:24:06","modified_gmt":"2023-12-24T22:24:06","slug":"silver-twig-ring-with-moss-agate-us-6","status":"publish","type":"product","link":"https:\/\/bellyofthesnake.lv\/lv\/shop\/custom-listings\/silver-twig-ring-with-moss-agate-us-6\/","title":{"rendered":"[RESERVED] Silver twig ring with moss agate US 7"},"content":{"rendered":"","protected":false},"excerpt":{"rendered":"<p>Made for those who cherish their connection with nature, this ring serves as a reminder of the stillness that one feels in the woods and of the trees that continue growing no matter what.<\/p>\n<p>This twig ring has been hand carved without any molds to complement its moss agate in the most perfect way while providing comfort for everyday wear.<\/p>\n<p>The rosecut moss agate has a tall dome which gives it a lovely dim glow when light hits it.<\/p>\n<ul>\n<li>Twig ring set with rosecut moss agate<\/li>\n<li>Size: US 7<\/li>\n<li>S\u012bk\u0101k par gredzenu izm\u0113riem var izlas\u012bt <a href=\"https:\/\/bellyofthesnake.lv\/lv\/ring-sizes\/\">[\u0161eit]<\/a> .<\/li>\n<li>925. sudraba z\u012bmogs no Latvijas proves biroja<\/li>\n<li>Tiks nodots pieg\u0101dei 2-5 dienu laik\u0101<\/li>\n<\/ul>","protected":false},"featured_media":3712,"template":"","meta":[],"product_brand":[],"product_cat":[103],"product_tag":[],"class_list":{"0":"post-2909","1":"product","2":"type-product","3":"status-publish","4":"has-post-thumbnail","6":"product_cat-custom-listings","8":"first","9":"outofstock","10":"taxable","11":"shipping-taxable","12":"purchasable","13":"product-type-simple"},"_links":{"self":[{"href":"https:\/\/bellyofthesnake.lv\/lv\/wp-json\/wp\/v2\/product\/2909","targetHints":{"allow":["GET"]}}],"collection":[{"href":"https:\/\/bellyofthesnake.lv\/lv\/wp-json\/wp\/v2\/product"}],"about":[{"href":"https:\/\/bellyofthesnake.lv\/lv\/wp-json\/wp\/v2\/types\/product"}],"wp:featuredmedia":[{"embeddable":true,"href":"https:\/\/bellyofthesnake.lv\/lv\/wp-json\/wp\/v2\/media\/3712"}],"wp:attachment":[{"href":"https:\/\/bellyofthesnake.lv\/lv\/wp-json\/wp\/v2\/media?parent=2909"}],"wp:term":[{"taxonomy":"product_brand","embeddable":true,"href":"https:\/\/bellyofthesnake.lv\/lv\/wp-json\/wp\/v2\/product_brand?post=2909"},{"taxonomy":"product_cat","embeddable":true,"href":"https:\/\/bellyofthesnake.lv\/lv\/wp-json\/wp\/v2\/product_cat?post=2909"},{"taxonomy":"product_tag","embeddable":true,"href":"https:\/\/bellyofthesnake.lv\/lv\/wp-json\/wp\/v2\/product_tag?post=2909"}],"curies":[{"name":"wp","href":"https:\/\/api.w.org\/{rel}","templated":true}]}}