{"id":2994,"date":"2022-10-01T13:00:31","date_gmt":"2022-10-01T10:00:31","guid":{"rendered":"https:\/\/bellyofthesnake.lv\/?post_type=product&#038;p=2994"},"modified":"2025-12-07T18:49:39","modified_gmt":"2025-12-07T16:49:39","slug":"guardian-snake-silver-stud-earrings","status":"publish","type":"product","link":"https:\/\/bellyofthesnake.lv\/lv\/shop\/earrings\/guardian-snake-silver-stud-earrings\/","title":{"rendered":"Nagli\u0146auskari ar \u010d\u016bsk\u0101m"},"content":{"rendered":"<p>Producer\/Ra\u017eot\u0101js\/Hersteller:<\/p>\n<p>Valerija Ecina, A.k. 66, R\u012bgas 57. pasta noda\u013ca, R\u012bga, LV-1057, Latvija<\/p>\n<p>bellyofthesnek@gmail.com<\/p>","protected":false},"excerpt":{"rendered":"<p>\u0160is divas \u010d\u016bskas atspogu\u013co l\u012bdzsvaru: viena v\u0113ro apk\u0101rt\u0113jo pasauli, otra ieklaus\u0101s sev\u012b. Auskari ir mazi un viegli un ir ide\u0101li piem\u0113roti ikdienai.<\/p>\n<ul>\n<li>Nagli\u0146u diametrs: 1 mm<\/li>\n<li>Izm\u0113rs: 1,8 cm diametrs<\/li>\n<li>925. sudraba z\u012bmogs no Latvijas proves biroja<\/li>\n<li><strong>Ready to ship in 2 &#8211; 5 days<\/strong><\/li>\n<\/ul>","protected":false},"featured_media":4744,"template":"","meta":[],"product_brand":[],"product_cat":[112],"product_tag":[],"class_list":{"0":"post-2994","1":"product","2":"type-product","3":"status-publish","4":"has-post-thumbnail","6":"product_cat-earrings","8":"first","9":"instock","10":"taxable","11":"shipping-taxable","12":"purchasable","13":"product-type-simple"},"_links":{"self":[{"href":"https:\/\/bellyofthesnake.lv\/lv\/wp-json\/wp\/v2\/product\/2994","targetHints":{"allow":["GET"]}}],"collection":[{"href":"https:\/\/bellyofthesnake.lv\/lv\/wp-json\/wp\/v2\/product"}],"about":[{"href":"https:\/\/bellyofthesnake.lv\/lv\/wp-json\/wp\/v2\/types\/product"}],"wp:featuredmedia":[{"embeddable":true,"href":"https:\/\/bellyofthesnake.lv\/lv\/wp-json\/wp\/v2\/media\/4744"}],"wp:attachment":[{"href":"https:\/\/bellyofthesnake.lv\/lv\/wp-json\/wp\/v2\/media?parent=2994"}],"wp:term":[{"taxonomy":"product_brand","embeddable":true,"href":"https:\/\/bellyofthesnake.lv\/lv\/wp-json\/wp\/v2\/product_brand?post=2994"},{"taxonomy":"product_cat","embeddable":true,"href":"https:\/\/bellyofthesnake.lv\/lv\/wp-json\/wp\/v2\/product_cat?post=2994"},{"taxonomy":"product_tag","embeddable":true,"href":"https:\/\/bellyofthesnake.lv\/lv\/wp-json\/wp\/v2\/product_tag?post=2994"}],"curies":[{"name":"wp","href":"https:\/\/api.w.org\/{rel}","templated":true}]}}