{"id":3014,"date":"2022-10-01T13:00:49","date_gmt":"2022-10-01T10:00:49","guid":{"rendered":"https:\/\/bellyofthesnake.lv\/?post_type=product&#038;p=3014"},"modified":"2024-04-05T09:14:52","modified_gmt":"2024-04-05T06:14:52","slug":"mother-snake-silver-snake-pendant-with-a-14k-gold-crown-and-andamooka-opal","status":"publish","type":"product","link":"https:\/\/bellyofthesnake.lv\/lv\/shop\/pendants-necklaces\/mother-snake-silver-snake-pendant-with-a-14k-gold-crown-and-andamooka-opal\/","title":{"rendered":"\u010c\u016bskas kulons ar 585. zelta kron\u012bti un Andamooka op\u0101lu"},"content":{"rendered":"","protected":false},"excerpt":{"rendered":"<p>\u010c\u016bska ar mazu 585. zelta kroni ir speci\u0101li veidota t\u0101, lai apskautu Andamooka op\u0101lu, sarg\u0101jot to. \u0160is op\u0101ls ir divpus\u0113js - op\u0101la spilgt\u0101k\u0101 da\u013ca ir pav\u0113rsta pret n\u0113s\u0101t\u0101ju, simboliz\u0113jot visu to kosmosu, kas ir mums iek\u0161\u0101.<\/p>\n<p>Andamooka op\u0101ls ir viens no Austr\u0101lijas op\u0101lu paveidiem. P\u0113c b\u016bt\u012bbas taj\u0101 dab\u012bg\u0101 veid\u0101 ir sajaukts op\u0101ls kop\u0101 ar akmens masu, kas dara to pieejam\u0101ku par ''t\u012briem'' Austr\u0101lijas op\u0101liem. \u0160is materi\u0101ls \u013cauj dab\u016bt akme\u0146us, kuri ir diezgan lieli, ko\u0161i, bet nemaks\u0101 t\u016bksto\u0161us eiro.<\/p>\n<ul>\n<li>Izm\u0113rs: ~2.5 cm bez liel\u0101 gredzena<\/li>\n<li>925. sudraba z\u012bmogs no Latvijas proves biroja<\/li>\n<li>\u0136\u0113de komplekt\u0101 nav iek\u013cauta<\/li>\n<li>Tiks nodots pieg\u0101dei 2-5 dienu laik\u0101<\/li>\n<\/ul>","protected":false},"featured_media":4363,"template":"","meta":[],"product_brand":[],"product_cat":[111],"product_tag":[],"class_list":{"0":"post-3014","1":"product","2":"type-product","3":"status-publish","4":"has-post-thumbnail","6":"product_cat-pendants-necklaces","8":"first","9":"outofstock","10":"sale","11":"taxable","12":"shipping-taxable","13":"purchasable","14":"product-type-simple"},"_links":{"self":[{"href":"https:\/\/bellyofthesnake.lv\/lv\/wp-json\/wp\/v2\/product\/3014","targetHints":{"allow":["GET"]}}],"collection":[{"href":"https:\/\/bellyofthesnake.lv\/lv\/wp-json\/wp\/v2\/product"}],"about":[{"href":"https:\/\/bellyofthesnake.lv\/lv\/wp-json\/wp\/v2\/types\/product"}],"wp:featuredmedia":[{"embeddable":true,"href":"https:\/\/bellyofthesnake.lv\/lv\/wp-json\/wp\/v2\/media\/4363"}],"wp:attachment":[{"href":"https:\/\/bellyofthesnake.lv\/lv\/wp-json\/wp\/v2\/media?parent=3014"}],"wp:term":[{"taxonomy":"product_brand","embeddable":true,"href":"https:\/\/bellyofthesnake.lv\/lv\/wp-json\/wp\/v2\/product_brand?post=3014"},{"taxonomy":"product_cat","embeddable":true,"href":"https:\/\/bellyofthesnake.lv\/lv\/wp-json\/wp\/v2\/product_cat?post=3014"},{"taxonomy":"product_tag","embeddable":true,"href":"https:\/\/bellyofthesnake.lv\/lv\/wp-json\/wp\/v2\/product_tag?post=3014"}],"curies":[{"name":"wp","href":"https:\/\/api.w.org\/{rel}","templated":true}]}}