{"id":3022,"date":"2022-10-01T13:00:32","date_gmt":"2022-10-01T10:00:32","guid":{"rendered":"https:\/\/bellyofthesnake.lv\/?post_type=product&#038;p=3022"},"modified":"2024-07-10T07:52:51","modified_gmt":"2024-07-10T04:52:51","slug":"ooak-embrace-ring-adjustable-silver-and-gold-snake-ring-with-australian-opal-us-7-1-2-9","status":"publish","type":"product","link":"https:\/\/bellyofthesnake.lv\/lv\/shop\/rings\/ooak-embrace-ring-adjustable-silver-and-gold-snake-ring-with-australian-opal-us-7-1-2-9\/","title":{"rendered":"\u010c\u016bskas gredzens ar Austr\u0101lijas op\u0101lu un 585. zeltu, main\u012bgs izm\u0113rs - US 7 1\/2 - 9"},"content":{"rendered":"","protected":false},"excerpt":{"rendered":"<p>Sudraba gredzens ar Austr\u0101lijas op\u0101lu 585. sarkan\u0101 zelta ier\u0101m\u0113jum\u0101.<\/p>\n<p>\u0160im gredzenam ir iesp\u0113jams main\u012bt izm\u0113ru. Aizv\u0113rt\u0101 veid\u0101, k\u0101 r\u0101d\u012bts att\u0113los, gredzena izm\u0113rs ir US 7 1\/2 (17,75 mm). To ir iesp\u0113jams atv\u0113rt l\u012bdz US 9 (18,9 mm), bet \u0146emiet v\u0113r\u0101, ka gredzenu nav ieteicams b\u012bd\u012bt p\u0101r\u0101k bie\u017ei, un vislab\u0101k to dar\u012bt tik reti, cik vien iesp\u0113jams, lai gredzens nesapl\u012bstu. \u0160iem nol\u016bkiem vislab\u0101k b\u016btu izmantot speci\u0101lus juvelieru instrumentus.<\/p>\n<p><strong>Ja j\u016bs v\u0113laties, lai es uzreiz piel\u0101gotu \u0161o gredzenu j\u016bsu izm\u0113ram, l\u016bdzu, ierakstiet savu izm\u0113ru piez\u012bm\u0113s pie pas\u016bt\u012bjuma, vai ats\u016btiet man e-pastu. <\/strong><\/p>\n<ul>\n<li>Izm\u0113rs: US 7 1\/2 - 9 (17,75 - 18,9 mm)<\/li>\n<li>S\u012bk\u0101k par gredzenu izm\u0113riem var izlas\u012bt <a href=\"https:\/\/bellyofthesnake.lv\/lv\/ring-sizes\/\">[\u0161eit]<\/a> .<\/li>\n<li>925. sudraba un 585. zelta z\u012bmogs no Latvijas proves biroja<\/li>\n<li>Tiks nodots pieg\u0101dei 2-5 dienu laik\u0101<\/li>\n<\/ul>","protected":false},"featured_media":4356,"template":"","meta":[],"product_brand":[],"product_cat":[110],"product_tag":[],"class_list":{"0":"post-3022","1":"product","2":"type-product","3":"status-publish","4":"has-post-thumbnail","6":"product_cat-rings","8":"first","9":"outofstock","10":"sale","11":"taxable","12":"shipping-taxable","13":"purchasable","14":"product-type-simple"},"_links":{"self":[{"href":"https:\/\/bellyofthesnake.lv\/lv\/wp-json\/wp\/v2\/product\/3022","targetHints":{"allow":["GET"]}}],"collection":[{"href":"https:\/\/bellyofthesnake.lv\/lv\/wp-json\/wp\/v2\/product"}],"about":[{"href":"https:\/\/bellyofthesnake.lv\/lv\/wp-json\/wp\/v2\/types\/product"}],"wp:featuredmedia":[{"embeddable":true,"href":"https:\/\/bellyofthesnake.lv\/lv\/wp-json\/wp\/v2\/media\/4356"}],"wp:attachment":[{"href":"https:\/\/bellyofthesnake.lv\/lv\/wp-json\/wp\/v2\/media?parent=3022"}],"wp:term":[{"taxonomy":"product_brand","embeddable":true,"href":"https:\/\/bellyofthesnake.lv\/lv\/wp-json\/wp\/v2\/product_brand?post=3022"},{"taxonomy":"product_cat","embeddable":true,"href":"https:\/\/bellyofthesnake.lv\/lv\/wp-json\/wp\/v2\/product_cat?post=3022"},{"taxonomy":"product_tag","embeddable":true,"href":"https:\/\/bellyofthesnake.lv\/lv\/wp-json\/wp\/v2\/product_tag?post=3022"}],"curies":[{"name":"wp","href":"https:\/\/api.w.org\/{rel}","templated":true}]}}