{"id":3034,"date":"2022-10-01T13:00:06","date_gmt":"2022-10-01T10:00:06","guid":{"rendered":"https:\/\/bellyofthesnake.lv\/?post_type=product&#038;p=3034"},"modified":"2024-07-28T18:33:55","modified_gmt":"2024-07-28T15:33:55","slug":"ouroboros-fidget-necklace-silver-necklace-with-14k-gold-heart-skull-detail","status":"publish","type":"product","link":"https:\/\/bellyofthesnake.lv\/lv\/shop\/pendants-necklaces\/ouroboros-fidget-necklace-silver-necklace-with-14k-gold-heart-skull-detail\/","title":{"rendered":"Kaklarota uroboross ar kust\u012bgu elementu un 585. zelta deta\u013c\u0101m"},"content":{"rendered":"","protected":false},"excerpt":{"rendered":"<p>\u0160obr\u012bd vien\u012bg\u0101 rota Belly Of The Snake veikal\u0101 ar kust\u012bgiem elementiem. \u0160\u012b kaklarota var kalpot par j\u016bsu garast\u0101vok\u013ca indikatoru vai ar\u012b pal\u012bdz\u0113t nomierin\u0101t nervus \ud83d\ude42 Kust\u012bg\u0101 da\u013ca ir rot\u0101ta ar 585. zelta galvaskausu un sirsni\u0146u.<\/p>\n<ul>\n<li>Sudraba kulons ar sarkan\u0101 zelta akcentiem<\/li>\n<li>\u0136\u0113des garums kop\u0101 ar kulonu: 44,5 cm<\/li>\n<li>Kulona Izm\u0113rs: 2,3 cm bez s\u0101nu gredzeniem<\/li>\n<li>925. sudraba z\u012bmogs no Latvijas proves biroja<\/li>\n<li>Tiks nodots pieg\u0101dei 2-5 dienu laik\u0101<\/li>\n<\/ul>","protected":false},"featured_media":4396,"template":"","meta":[],"product_brand":[],"product_cat":[111],"product_tag":[],"class_list":{"0":"post-3034","1":"product","2":"type-product","3":"status-publish","4":"has-post-thumbnail","6":"product_cat-pendants-necklaces","8":"first","9":"outofstock","10":"sale","11":"taxable","12":"shipping-taxable","13":"purchasable","14":"product-type-simple"},"_links":{"self":[{"href":"https:\/\/bellyofthesnake.lv\/lv\/wp-json\/wp\/v2\/product\/3034","targetHints":{"allow":["GET"]}}],"collection":[{"href":"https:\/\/bellyofthesnake.lv\/lv\/wp-json\/wp\/v2\/product"}],"about":[{"href":"https:\/\/bellyofthesnake.lv\/lv\/wp-json\/wp\/v2\/types\/product"}],"wp:featuredmedia":[{"embeddable":true,"href":"https:\/\/bellyofthesnake.lv\/lv\/wp-json\/wp\/v2\/media\/4396"}],"wp:attachment":[{"href":"https:\/\/bellyofthesnake.lv\/lv\/wp-json\/wp\/v2\/media?parent=3034"}],"wp:term":[{"taxonomy":"product_brand","embeddable":true,"href":"https:\/\/bellyofthesnake.lv\/lv\/wp-json\/wp\/v2\/product_brand?post=3034"},{"taxonomy":"product_cat","embeddable":true,"href":"https:\/\/bellyofthesnake.lv\/lv\/wp-json\/wp\/v2\/product_cat?post=3034"},{"taxonomy":"product_tag","embeddable":true,"href":"https:\/\/bellyofthesnake.lv\/lv\/wp-json\/wp\/v2\/product_tag?post=3034"}],"curies":[{"name":"wp","href":"https:\/\/api.w.org\/{rel}","templated":true}]}}