{"id":3293,"date":"2023-02-03T20:00:17","date_gmt":"2023-02-03T18:00:17","guid":{"rendered":"https:\/\/bellyofthesnake.lv\/?post_type=product&#038;p=3293"},"modified":"2025-08-08T00:02:04","modified_gmt":"2025-08-07T21:02:04","slug":"skarapeya-silver-snake-ring-with-14k-gold-crown","status":"publish","type":"product","link":"https:\/\/bellyofthesnake.lv\/lv\/shop\/rings\/skarapeya-silver-snake-ring-with-14k-gold-crown\/","title":{"rendered":"[LAST ONE] Skarapeya &#8211; silver snake ring with 14k gold crown &#8211; US 7 1\/2 (17.75)"},"content":{"rendered":"","protected":false},"excerpt":{"rendered":"<p>Skarapeja ir \u010d\u016bsku karaliene no Sl\u0101vu mitolo\u0123ijas. Daudz\u0101s kult\u016br\u0101s \u010d\u016bskas simboliz\u0113 kaut ko \u013caunu, toties Skarapeja ir pal\u012bgs, kas d\u0101v\u0101 gudr\u012bbu vai pat\u012bkamas p\u0101rmai\u0146as. Da\u017eos st\u0101stos vi\u0146a ar\u012b piepilda v\u0113l\u0113\u0161anos.<\/p>\n<p>\u0160im gredzenam ir vismaz\u0101kais kron\u012btis, ko esmu lidz \u0161im tais\u012bjusi. Tas ir 3 mm plats, bet \u013coti detaliz\u0113ts. Pats gredzens ir izgatavots ar ''zaud\u0113t\u0101 vaska'' lie\u0161anu, bet katrs kron\u012btis ir veidots no zelta loksnes.<\/p>\n<ul>\n<li>Sudraba gredzens as sarkan\u0101 zelta kron\u012bti<\/li>\n<li>Size: US 7 1\/2 (17.75 mm)<\/li>\n<li>S\u012bk\u0101k par gredzenu izm\u0113riem var izlas\u012bt <a href=\"https:\/\/bellyofthesnake.lv\/lv\/ring-sizes\/\">[\u0161eit]<\/a> .<\/li>\n<li>925. sudraba z\u012bmogs no Latvijas proves biroja<\/li>\n<li>Tiks nodots pieg\u0101dei 2-5 dienu laik\u0101<\/li>\n<\/ul>","protected":false},"featured_media":4746,"template":"","meta":[],"product_brand":[],"product_cat":[110],"product_tag":[],"class_list":{"0":"post-3293","1":"product","2":"type-product","3":"status-publish","4":"has-post-thumbnail","6":"product_cat-rings","8":"first","9":"outofstock","10":"taxable","11":"shipping-taxable","12":"purchasable","13":"product-type-simple"},"_links":{"self":[{"href":"https:\/\/bellyofthesnake.lv\/lv\/wp-json\/wp\/v2\/product\/3293","targetHints":{"allow":["GET"]}}],"collection":[{"href":"https:\/\/bellyofthesnake.lv\/lv\/wp-json\/wp\/v2\/product"}],"about":[{"href":"https:\/\/bellyofthesnake.lv\/lv\/wp-json\/wp\/v2\/types\/product"}],"wp:featuredmedia":[{"embeddable":true,"href":"https:\/\/bellyofthesnake.lv\/lv\/wp-json\/wp\/v2\/media\/4746"}],"wp:attachment":[{"href":"https:\/\/bellyofthesnake.lv\/lv\/wp-json\/wp\/v2\/media?parent=3293"}],"wp:term":[{"taxonomy":"product_brand","embeddable":true,"href":"https:\/\/bellyofthesnake.lv\/lv\/wp-json\/wp\/v2\/product_brand?post=3293"},{"taxonomy":"product_cat","embeddable":true,"href":"https:\/\/bellyofthesnake.lv\/lv\/wp-json\/wp\/v2\/product_cat?post=3293"},{"taxonomy":"product_tag","embeddable":true,"href":"https:\/\/bellyofthesnake.lv\/lv\/wp-json\/wp\/v2\/product_tag?post=3293"}],"curies":[{"name":"wp","href":"https:\/\/api.w.org\/{rel}","templated":true}]}}