{"id":3461,"date":"2023-03-15T00:09:17","date_gmt":"2023-03-14T22:09:17","guid":{"rendered":"https:\/\/bellyofthesnake.lv\/?post_type=product&#038;p=3461"},"modified":"2024-11-22T22:41:51","modified_gmt":"2024-11-22T20:41:51","slug":"owl-ring-with-opal-eyes-us-6-1-4","status":"publish","type":"product","link":"https:\/\/bellyofthesnake.lv\/lv\/shop\/rings\/owl-ring-with-opal-eyes-us-6-1-4\/","title":{"rendered":"P\u016bces gredzens ar Austr\u0101lijas op\u0101lu ac\u012bm - US 6 1\/4"},"content":{"rendered":"","protected":false},"excerpt":{"rendered":"<p>Nedaudz sav\u0101d\u0101ka <a href=\"https:\/\/bellyofthesnake.lv\/lv\/shop\/shop-by-type\/rings\/silver-owl-ring\/\">p\u016bces gredzena<\/a>versija ar Austr\u0101lijas op\u0101lu ac\u012bm.<\/p>\n<p>15\u20ac no j\u016bsu pirkuma tiks ziedoti Latvijas ornitolo\u0123ijas biedr\u012bbai priek\u0161 \u016bpju ligzd\u0101m vai ar\u012b k\u0101diem citiem m\u0113r\u0137iem, kuri \u0161obr\u012bd biedr\u012bbai ir aktu\u0101l\u0101ki.<\/p>\n<ul>\n<li>925. sudraba z\u012bmogs no Latvijas proves biroja<\/li>\n<li>Izm\u0113rs, kuram gredzens der\u0113s: US 6 1\/4 (16,7 mm)<\/li>\n<li>S\u012bk\u0101k par gredzenu izm\u0113riem var izlas\u012bt <a href=\"https:\/\/bellyofthesnake.lv\/lv\/ring-sizes\/\">[\u0161eit]<\/a> .<\/li>\n<li>Tiks nodots pieg\u0101dei 2-5 dienu laik\u0101<\/li>\n<\/ul>","protected":false},"featured_media":4750,"template":"","meta":[],"product_brand":[],"product_cat":[110],"product_tag":[],"class_list":{"0":"post-3461","1":"product","2":"type-product","3":"status-publish","4":"has-post-thumbnail","6":"product_cat-rings","8":"first","9":"outofstock","10":"sale","11":"taxable","12":"shipping-taxable","13":"purchasable","14":"product-type-simple"},"_links":{"self":[{"href":"https:\/\/bellyofthesnake.lv\/lv\/wp-json\/wp\/v2\/product\/3461","targetHints":{"allow":["GET"]}}],"collection":[{"href":"https:\/\/bellyofthesnake.lv\/lv\/wp-json\/wp\/v2\/product"}],"about":[{"href":"https:\/\/bellyofthesnake.lv\/lv\/wp-json\/wp\/v2\/types\/product"}],"wp:featuredmedia":[{"embeddable":true,"href":"https:\/\/bellyofthesnake.lv\/lv\/wp-json\/wp\/v2\/media\/4750"}],"wp:attachment":[{"href":"https:\/\/bellyofthesnake.lv\/lv\/wp-json\/wp\/v2\/media?parent=3461"}],"wp:term":[{"taxonomy":"product_brand","embeddable":true,"href":"https:\/\/bellyofthesnake.lv\/lv\/wp-json\/wp\/v2\/product_brand?post=3461"},{"taxonomy":"product_cat","embeddable":true,"href":"https:\/\/bellyofthesnake.lv\/lv\/wp-json\/wp\/v2\/product_cat?post=3461"},{"taxonomy":"product_tag","embeddable":true,"href":"https:\/\/bellyofthesnake.lv\/lv\/wp-json\/wp\/v2\/product_tag?post=3461"}],"curies":[{"name":"wp","href":"https:\/\/api.w.org\/{rel}","templated":true}]}}