{"id":3963,"date":"2023-07-19T20:00:08","date_gmt":"2023-07-19T17:00:08","guid":{"rendered":"https:\/\/bellyofthesnake.lv\/?post_type=product&#038;p=3963"},"modified":"2023-12-22T21:00:50","modified_gmt":"2023-12-22T19:00:50","slug":"baroque-pearl-pendant","status":"publish","type":"product","link":"https:\/\/bellyofthesnake.lv\/lv\/shop\/pendants-necklaces\/baroque-pearl-pendant\/","title":{"rendered":"Baroque pearl pendant"},"content":{"rendered":"","protected":false},"excerpt":{"rendered":"<p>This pendant is set with a lovely baroque pearl with a slightly pink sheen. Every baroque pearl is formed in its own unique way, so there will never be an identical pendant in the whole world, ever! The pearl is set in a hand-sculpted sterling silver frame with an organic melted texture.<\/p>\n<ul>\n<li>Height: 3 cm without jump ring<\/li>\n<li>The inner diameter of the jump ring is 5 mm<\/li>\n<li>925. sudraba z\u012bmogs no Latvijas proves biroja<\/li>\n<li>\u0136\u0113de komplekt\u0101 nav iek\u013cauta<\/li>\n<li>Tiks nodots pieg\u0101dei 2-5 dienu laik\u0101<\/li>\n<\/ul>","protected":false},"featured_media":3929,"template":"","meta":[],"product_brand":[],"product_cat":[111],"product_tag":[],"class_list":{"0":"post-3963","1":"product","2":"type-product","3":"status-publish","4":"has-post-thumbnail","6":"product_cat-pendants-necklaces","8":"first","9":"outofstock","10":"taxable","11":"shipping-taxable","12":"purchasable","13":"product-type-simple"},"_links":{"self":[{"href":"https:\/\/bellyofthesnake.lv\/lv\/wp-json\/wp\/v2\/product\/3963","targetHints":{"allow":["GET"]}}],"collection":[{"href":"https:\/\/bellyofthesnake.lv\/lv\/wp-json\/wp\/v2\/product"}],"about":[{"href":"https:\/\/bellyofthesnake.lv\/lv\/wp-json\/wp\/v2\/types\/product"}],"wp:featuredmedia":[{"embeddable":true,"href":"https:\/\/bellyofthesnake.lv\/lv\/wp-json\/wp\/v2\/media\/3929"}],"wp:attachment":[{"href":"https:\/\/bellyofthesnake.lv\/lv\/wp-json\/wp\/v2\/media?parent=3963"}],"wp:term":[{"taxonomy":"product_brand","embeddable":true,"href":"https:\/\/bellyofthesnake.lv\/lv\/wp-json\/wp\/v2\/product_brand?post=3963"},{"taxonomy":"product_cat","embeddable":true,"href":"https:\/\/bellyofthesnake.lv\/lv\/wp-json\/wp\/v2\/product_cat?post=3963"},{"taxonomy":"product_tag","embeddable":true,"href":"https:\/\/bellyofthesnake.lv\/lv\/wp-json\/wp\/v2\/product_tag?post=3963"}],"curies":[{"name":"wp","href":"https:\/\/api.w.org\/{rel}","templated":true}]}}