{"id":3965,"date":"2023-07-19T20:00:44","date_gmt":"2023-07-19T17:00:44","guid":{"rendered":"https:\/\/bellyofthesnake.lv\/?post_type=product&#038;p=3965"},"modified":"2023-07-19T23:45:42","modified_gmt":"2023-07-19T20:45:42","slug":"twig-pendant-with-galaxy-rhyolite-and-some-eyes","status":"publish","type":"product","link":"https:\/\/bellyofthesnake.lv\/lv\/shop\/pendants-necklaces\/twig-pendant-with-galaxy-rhyolite-and-some-eyes\/","title":{"rendered":"Twig pendant with galaxy rhyolite and some eyes"},"content":{"rendered":"","protected":false},"excerpt":{"rendered":"<p>Galaxy rhyolite is a new stone for me. Usually I shy away from big opaque stones, but galaxy rhyolite looks so weird and alien that I just had to give it a try. I&#8217;ve complemented its weirdness with a hand-fabricated and hand-engraved sterling silver frame that has some eyes engraved all over. Would you like to take this alien creature home?<\/p>\n<ul>\n<li>Diameter: 3.5 cm<\/li>\n<li>The inner diameter of the jump ring is 5 mm<\/li>\n<li>925. sudraba z\u012bmogs no Latvijas proves biroja<\/li>\n<li>\u0136\u0113de komplekt\u0101 nav iek\u013cauta<\/li>\n<li>Tiks nodots pieg\u0101dei 2-5 dienu laik\u0101<\/li>\n<\/ul>","protected":false},"featured_media":3945,"template":"","meta":[],"product_brand":[],"product_cat":[111],"product_tag":[],"class_list":{"0":"post-3965","1":"product","2":"type-product","3":"status-publish","4":"has-post-thumbnail","6":"product_cat-pendants-necklaces","8":"first","9":"outofstock","10":"taxable","11":"shipping-taxable","12":"purchasable","13":"product-type-simple"},"_links":{"self":[{"href":"https:\/\/bellyofthesnake.lv\/lv\/wp-json\/wp\/v2\/product\/3965","targetHints":{"allow":["GET"]}}],"collection":[{"href":"https:\/\/bellyofthesnake.lv\/lv\/wp-json\/wp\/v2\/product"}],"about":[{"href":"https:\/\/bellyofthesnake.lv\/lv\/wp-json\/wp\/v2\/types\/product"}],"wp:featuredmedia":[{"embeddable":true,"href":"https:\/\/bellyofthesnake.lv\/lv\/wp-json\/wp\/v2\/media\/3945"}],"wp:attachment":[{"href":"https:\/\/bellyofthesnake.lv\/lv\/wp-json\/wp\/v2\/media?parent=3965"}],"wp:term":[{"taxonomy":"product_brand","embeddable":true,"href":"https:\/\/bellyofthesnake.lv\/lv\/wp-json\/wp\/v2\/product_brand?post=3965"},{"taxonomy":"product_cat","embeddable":true,"href":"https:\/\/bellyofthesnake.lv\/lv\/wp-json\/wp\/v2\/product_cat?post=3965"},{"taxonomy":"product_tag","embeddable":true,"href":"https:\/\/bellyofthesnake.lv\/lv\/wp-json\/wp\/v2\/product_tag?post=3965"}],"curies":[{"name":"wp","href":"https:\/\/api.w.org\/{rel}","templated":true}]}}