{"id":4084,"date":"2023-09-06T21:00:57","date_gmt":"2023-09-06T18:00:57","guid":{"rendered":"https:\/\/bellyofthesnake.lv\/?post_type=product&#038;p=4084"},"modified":"2023-09-06T21:04:40","modified_gmt":"2023-09-06T18:04:40","slug":"baroque-pearl-and-lab-grown-alexandrite-set","status":"publish","type":"product","link":"https:\/\/bellyofthesnake.lv\/lv\/shop\/earrings\/baroque-pearl-and-lab-grown-alexandrite-set\/","title":{"rendered":"Baroque pearl and lab grown alexandrite set"},"content":{"rendered":"","protected":false},"excerpt":{"rendered":"<p>This earring and pendant set features baroque pearls and a lab-grown alexandrite set in hand-sculpted silver frames with a distorted, somewhat melted surface. The lab-grown alexandrite preserves the colour changing quality of its original counterpart &#8211; it displays colours from bright teal in natural lighting to amethyst-purple in artificial lighting. Please note that it is impossible for me to capture the accurate colour of the alexandrite with my current camera, but I\u2019ve provided an accurate photo of an identical stone from a different camera \ud83d\ude42<\/p>\n<p>At\u0161\u0137ir\u012bb\u0101 no daudziem meistariem, kas izmanto r\u016bpn\u012bc\u0101 ra\u017eotas auskaru aizdares, es savas aizdares taisu pati, kas nodro\u0161ina to kvalit\u0101ti un ilg\u0101ku kalpo\u0161anas laiku.<\/p>\n<ul>\n<li>925. sudraba z\u012bmogs no Latvijas proves biroja<\/li>\n<li>Earring weight: 5-6 g each<\/li>\n<li>Auskaru nagli\u0146u diametrs: 1 mm<\/li>\n<li>\u0136\u0113de komplekt\u0101 nav iek\u013cauta<\/li>\n<li>Tiks nodots pieg\u0101dei 2-5 dienu laik\u0101<\/li>\n<\/ul>","protected":false},"featured_media":4073,"template":"","meta":[],"product_brand":[],"product_cat":[112,111],"product_tag":[],"class_list":{"0":"post-4084","1":"product","2":"type-product","3":"status-publish","4":"has-post-thumbnail","6":"product_cat-earrings","7":"product_cat-pendants-necklaces","9":"first","10":"outofstock","11":"taxable","12":"shipping-taxable","13":"purchasable","14":"product-type-simple"},"_links":{"self":[{"href":"https:\/\/bellyofthesnake.lv\/lv\/wp-json\/wp\/v2\/product\/4084","targetHints":{"allow":["GET"]}}],"collection":[{"href":"https:\/\/bellyofthesnake.lv\/lv\/wp-json\/wp\/v2\/product"}],"about":[{"href":"https:\/\/bellyofthesnake.lv\/lv\/wp-json\/wp\/v2\/types\/product"}],"wp:featuredmedia":[{"embeddable":true,"href":"https:\/\/bellyofthesnake.lv\/lv\/wp-json\/wp\/v2\/media\/4073"}],"wp:attachment":[{"href":"https:\/\/bellyofthesnake.lv\/lv\/wp-json\/wp\/v2\/media?parent=4084"}],"wp:term":[{"taxonomy":"product_brand","embeddable":true,"href":"https:\/\/bellyofthesnake.lv\/lv\/wp-json\/wp\/v2\/product_brand?post=4084"},{"taxonomy":"product_cat","embeddable":true,"href":"https:\/\/bellyofthesnake.lv\/lv\/wp-json\/wp\/v2\/product_cat?post=4084"},{"taxonomy":"product_tag","embeddable":true,"href":"https:\/\/bellyofthesnake.lv\/lv\/wp-json\/wp\/v2\/product_tag?post=4084"}],"curies":[{"name":"wp","href":"https:\/\/api.w.org\/{rel}","templated":true}]}}