{"id":4087,"date":"2023-09-06T21:00:13","date_gmt":"2023-09-06T18:00:13","guid":{"rendered":"https:\/\/bellyofthesnake.lv\/?post_type=product&#038;p=4087"},"modified":"2023-12-02T20:34:38","modified_gmt":"2023-12-02T18:34:38","slug":"earring-and-pendant-set-with-super-7-quartz","status":"publish","type":"product","link":"https:\/\/bellyofthesnake.lv\/lv\/shop\/earrings\/earring-and-pendant-set-with-super-7-quartz\/","title":{"rendered":"Earring and pendant set with Super 7 quartz"},"content":{"rendered":"","protected":false},"excerpt":{"rendered":"<p>This earring and pendant set has been made with a gem called Super 7, which is actually quartz with inclusions from a wide variety of minerals. Unlike the majority of my sculpted designs made with lost wax casting, this set has been hand fabricated for a minimalistic look and optimal weight. The pendant has a small flame detail made from recycled 14k red gold.<\/p>\n<p>At\u0161\u0137ir\u012bb\u0101 no daudziem meistariem, kas izmanto r\u016bpn\u012bc\u0101 ra\u017eotas auskaru aizdares, es savas aizdares taisu pati, kas nodro\u0161ina to kvalit\u0101ti un ilg\u0101ku kalpo\u0161anas laiku.<\/p>\n<p>Please note that one of the earrings has a small surface defect on the reverse side (shown in a closeup). It doesn\u2019t affect the look or durability, but I\u2019m adding this information for transparency \ud83d\ude42<\/p>\n<ul>\n<li>925. sudraba z\u012bmogs no Latvijas proves biroja<\/li>\n<li>Earring weight: 3.6 g each<\/li>\n<li>Auskaru nagli\u0146u diametrs: 1 mm<\/li>\n<li>\u0136\u0113de komplekt\u0101 nav iek\u013cauta<\/li>\n<li>Tiks nodots pieg\u0101dei 2-5 dienu laik\u0101<\/li>\n<\/ul>","protected":false},"featured_media":4089,"template":"","meta":[],"product_brand":[],"product_cat":[112,111],"product_tag":[],"class_list":{"0":"post-4087","1":"product","2":"type-product","3":"status-publish","4":"has-post-thumbnail","6":"product_cat-earrings","7":"product_cat-pendants-necklaces","9":"first","10":"outofstock","11":"taxable","12":"shipping-taxable","13":"purchasable","14":"product-type-simple"},"_links":{"self":[{"href":"https:\/\/bellyofthesnake.lv\/lv\/wp-json\/wp\/v2\/product\/4087","targetHints":{"allow":["GET"]}}],"collection":[{"href":"https:\/\/bellyofthesnake.lv\/lv\/wp-json\/wp\/v2\/product"}],"about":[{"href":"https:\/\/bellyofthesnake.lv\/lv\/wp-json\/wp\/v2\/types\/product"}],"wp:featuredmedia":[{"embeddable":true,"href":"https:\/\/bellyofthesnake.lv\/lv\/wp-json\/wp\/v2\/media\/4089"}],"wp:attachment":[{"href":"https:\/\/bellyofthesnake.lv\/lv\/wp-json\/wp\/v2\/media?parent=4087"}],"wp:term":[{"taxonomy":"product_brand","embeddable":true,"href":"https:\/\/bellyofthesnake.lv\/lv\/wp-json\/wp\/v2\/product_brand?post=4087"},{"taxonomy":"product_cat","embeddable":true,"href":"https:\/\/bellyofthesnake.lv\/lv\/wp-json\/wp\/v2\/product_cat?post=4087"},{"taxonomy":"product_tag","embeddable":true,"href":"https:\/\/bellyofthesnake.lv\/lv\/wp-json\/wp\/v2\/product_tag?post=4087"}],"curies":[{"name":"wp","href":"https:\/\/api.w.org\/{rel}","templated":true}]}}