{"id":4159,"date":"2023-11-09T20:00:26","date_gmt":"2023-11-09T18:00:26","guid":{"rendered":"https:\/\/bellyofthesnake.lv\/?post_type=product&#038;p=4159"},"modified":"2026-01-28T19:36:00","modified_gmt":"2026-01-28T17:36:00","slug":"tentacle-earrings","status":"publish","type":"product","link":"https:\/\/bellyofthesnake.lv\/lv\/shop\/earrings\/tentacle-earrings\/","title":{"rendered":"Nagli\u0146auskari ar taustek\u013ciem"},"content":{"rendered":"<p>Producer\/Ra\u017eot\u0101js\/Hersteller:<\/p>\n<p>Valerija Ecina, A.k. 66, R\u012bgas 57. pasta noda\u013ca, R\u012bga, LV-1057, Latvija<\/p>\n<p>bellyofthesnek@gmail.com<\/p>","protected":false},"excerpt":{"rendered":"<p>\u0160ie auskari ir viegli un \u0113rti un lieliski ieder\u0113sies j\u016bsu ikdien\u0101.<\/p>\n<ul>\n<li>Viena auskara svars: ~2,5 g<\/li>\n<li>Izm\u0113rs: 1,5 x 1,4 cm<\/li>\n<li>Nagli\u0146u diametrs: 1 mm<\/li>\n<li>925. sudraba z\u012bmogs no Latvijas proves biroja<\/li>\n<li><strong>Pas\u016bt\u012bjums b\u016bs gatavs 3-4 ned\u0113\u013cu laik\u0101<\/strong><\/li>\n<\/ul>","protected":false},"featured_media":4725,"template":"","meta":[],"product_brand":[],"product_cat":[112],"product_tag":[],"class_list":{"0":"post-4159","1":"product","2":"type-product","3":"status-publish","4":"has-post-thumbnail","6":"product_cat-earrings","8":"first","9":"instock","10":"taxable","11":"shipping-taxable","12":"purchasable","13":"product-type-simple"},"_links":{"self":[{"href":"https:\/\/bellyofthesnake.lv\/lv\/wp-json\/wp\/v2\/product\/4159","targetHints":{"allow":["GET"]}}],"collection":[{"href":"https:\/\/bellyofthesnake.lv\/lv\/wp-json\/wp\/v2\/product"}],"about":[{"href":"https:\/\/bellyofthesnake.lv\/lv\/wp-json\/wp\/v2\/types\/product"}],"wp:featuredmedia":[{"embeddable":true,"href":"https:\/\/bellyofthesnake.lv\/lv\/wp-json\/wp\/v2\/media\/4725"}],"wp:attachment":[{"href":"https:\/\/bellyofthesnake.lv\/lv\/wp-json\/wp\/v2\/media?parent=4159"}],"wp:term":[{"taxonomy":"product_brand","embeddable":true,"href":"https:\/\/bellyofthesnake.lv\/lv\/wp-json\/wp\/v2\/product_brand?post=4159"},{"taxonomy":"product_cat","embeddable":true,"href":"https:\/\/bellyofthesnake.lv\/lv\/wp-json\/wp\/v2\/product_cat?post=4159"},{"taxonomy":"product_tag","embeddable":true,"href":"https:\/\/bellyofthesnake.lv\/lv\/wp-json\/wp\/v2\/product_tag?post=4159"}],"curies":[{"name":"wp","href":"https:\/\/api.w.org\/{rel}","templated":true}]}}