{"id":4163,"date":"2023-11-09T20:00:50","date_gmt":"2023-11-09T18:00:50","guid":{"rendered":"https:\/\/bellyofthesnake.lv\/?post_type=product&#038;p=4163"},"modified":"2024-06-30T16:44:09","modified_gmt":"2024-06-30T13:44:09","slug":"tentacle-ring-with-quartz-us-7-3-4","status":"publish","type":"product","link":"https:\/\/bellyofthesnake.lv\/lv\/shop\/rings\/tentacle-ring-with-quartz-us-7-3-4\/","title":{"rendered":"Gredzens ar taustek\u013ciem un kvarcu - US 7 3\/4"},"content":{"rendered":"","protected":false},"excerpt":{"rendered":"<p>\u0160is gredzens ir rad\u012bts vien\u0101 eksempl\u0101r\u0101. Vair\u0101ki taustek\u013ci apskauj kvarcu, kuram iek\u0161\u0101 ir markaz\u012bta iesl\u0113gumi, kas sp\u012bd gaismas staros.<\/p>\n<ul>\n<li>Sudraba gredzens ar kvarcu ar markaz\u012bta iesl\u0113gumiem<\/li>\n<li>Izm\u0113rs, kuram gredzens der\u0113s: US 7 3\/4 (18 mm)<\/li>\n<li>S\u012bk\u0101k par gredzenu izm\u0113riem var izlas\u012bt <a href=\"https:\/\/bellyofthesnake.lv\/lv\/ring-sizes\/\">[\u0161eit]<\/a> .<\/li>\n<li>925. sudraba z\u012bmogs no Latvijas proves biroja<\/li>\n<li>Tiks nodots pieg\u0101dei 2-5 dienu laik\u0101<\/li>\n<\/ul>","protected":false},"featured_media":4460,"template":"","meta":[],"product_brand":[],"product_cat":[110],"product_tag":[],"class_list":{"0":"post-4163","1":"product","2":"type-product","3":"status-publish","4":"has-post-thumbnail","6":"product_cat-rings","8":"first","9":"outofstock","10":"taxable","11":"shipping-taxable","12":"purchasable","13":"product-type-simple"},"_links":{"self":[{"href":"https:\/\/bellyofthesnake.lv\/lv\/wp-json\/wp\/v2\/product\/4163","targetHints":{"allow":["GET"]}}],"collection":[{"href":"https:\/\/bellyofthesnake.lv\/lv\/wp-json\/wp\/v2\/product"}],"about":[{"href":"https:\/\/bellyofthesnake.lv\/lv\/wp-json\/wp\/v2\/types\/product"}],"wp:featuredmedia":[{"embeddable":true,"href":"https:\/\/bellyofthesnake.lv\/lv\/wp-json\/wp\/v2\/media\/4460"}],"wp:attachment":[{"href":"https:\/\/bellyofthesnake.lv\/lv\/wp-json\/wp\/v2\/media?parent=4163"}],"wp:term":[{"taxonomy":"product_brand","embeddable":true,"href":"https:\/\/bellyofthesnake.lv\/lv\/wp-json\/wp\/v2\/product_brand?post=4163"},{"taxonomy":"product_cat","embeddable":true,"href":"https:\/\/bellyofthesnake.lv\/lv\/wp-json\/wp\/v2\/product_cat?post=4163"},{"taxonomy":"product_tag","embeddable":true,"href":"https:\/\/bellyofthesnake.lv\/lv\/wp-json\/wp\/v2\/product_tag?post=4163"}],"curies":[{"name":"wp","href":"https:\/\/api.w.org\/{rel}","templated":true}]}}