{"id":4263,"date":"2023-12-26T20:00:25","date_gmt":"2023-12-26T18:00:25","guid":{"rendered":"https:\/\/bellyofthesnake.lv\/?post_type=product&#038;p=4263"},"modified":"2024-11-13T10:05:26","modified_gmt":"2024-11-13T08:05:26","slug":"defender-ring-with-green-garnet-and-secret-eye-us-9","status":"publish","type":"product","link":"https:\/\/bellyofthesnake.lv\/lv\/shop\/rings\/defender-ring-with-green-garnet-and-secret-eye-us-9\/","title":{"rendered":"''Defender'' gredzens ar za\u013cu gran\u0101tu un pasl\u0113ptu aci - US 9"},"content":{"rendered":"","protected":false},"excerpt":{"rendered":"<p>\u0160\u012b ir <a href=\"https:\/\/bellyofthesnake.lv\/lv\/shop\/shop-by-type\/rings\/defender-ring-2-0\/\">''Defender'' gredzens<\/a> is set with a juicy green hydrogrossular garnet and has a secret eye carved out behind the stone. It is not visible when you wear it, but if you hold the ring up against a bright light source, the eye becomes visible in the garnet as if the ring were looking at you<\/p>\n<p>Pateicoties dzelteniem un za\u013ciem segmentiem, akmens izskat\u0101s p\u0113c ind\u012bgas konfektes.<\/p>\n<p>\u0160o gredzenu ir iesp\u0113jams pas\u016bt\u012bt cit\u0101 izm\u0113r\u0101, k\u0101m\u0113r ir pieejami akme\u0146i. Pas\u016bt\u012bjumu var noform\u0113t, rakstot man e-pastu.<\/p>\n<ul>\n<li>Izm\u0113rs, kuram gredzens der\u0113s: US 9 (18,9 mm)<\/li>\n<li>S\u012bk\u0101k par gredzenu izm\u0113riem var izlas\u012bt <a href=\"https:\/\/bellyofthesnake.lv\/lv\/ring-sizes\/\">[\u0161eit]<\/a> .<\/li>\n<li>925. sudraba z\u012bmogs no Latvijas proves biroja<\/li>\n<li>Tiks nodots pieg\u0101dei 2-5 dienu laik\u0101<\/li>\n<\/ul>","protected":false},"featured_media":4788,"template":"","meta":[],"product_brand":[],"product_cat":[110],"product_tag":[],"class_list":{"0":"post-4263","1":"product","2":"type-product","3":"status-publish","4":"has-post-thumbnail","6":"product_cat-rings","8":"first","9":"outofstock","10":"taxable","11":"shipping-taxable","12":"purchasable","13":"product-type-simple"},"_links":{"self":[{"href":"https:\/\/bellyofthesnake.lv\/lv\/wp-json\/wp\/v2\/product\/4263","targetHints":{"allow":["GET"]}}],"collection":[{"href":"https:\/\/bellyofthesnake.lv\/lv\/wp-json\/wp\/v2\/product"}],"about":[{"href":"https:\/\/bellyofthesnake.lv\/lv\/wp-json\/wp\/v2\/types\/product"}],"wp:featuredmedia":[{"embeddable":true,"href":"https:\/\/bellyofthesnake.lv\/lv\/wp-json\/wp\/v2\/media\/4788"}],"wp:attachment":[{"href":"https:\/\/bellyofthesnake.lv\/lv\/wp-json\/wp\/v2\/media?parent=4263"}],"wp:term":[{"taxonomy":"product_brand","embeddable":true,"href":"https:\/\/bellyofthesnake.lv\/lv\/wp-json\/wp\/v2\/product_brand?post=4263"},{"taxonomy":"product_cat","embeddable":true,"href":"https:\/\/bellyofthesnake.lv\/lv\/wp-json\/wp\/v2\/product_cat?post=4263"},{"taxonomy":"product_tag","embeddable":true,"href":"https:\/\/bellyofthesnake.lv\/lv\/wp-json\/wp\/v2\/product_tag?post=4263"}],"curies":[{"name":"wp","href":"https:\/\/api.w.org\/{rel}","templated":true}]}}