{"id":4675,"date":"2024-03-19T20:00:12","date_gmt":"2024-03-19T18:00:12","guid":{"rendered":"https:\/\/bellyofthesnake.lv\/?post_type=product&#038;p=4675"},"modified":"2024-07-28T21:30:09","modified_gmt":"2024-07-28T18:30:09","slug":"dendritic-agate-ring-us-6","status":"publish","type":"product","link":"https:\/\/bellyofthesnake.lv\/lv\/shop\/rings\/dendritic-agate-ring-us-6\/","title":{"rendered":"Dendritic agate ring &#8211; US 6"},"content":{"rendered":"","protected":false},"excerpt":{"rendered":"<p>Minimalistisks gredzens ar dendr\u012bta ah\u0101tu, kas atg\u0101dina koku. Neskatoties uz nelielu izm\u0113ru, gredzens ir pat\u012bkami smags.<\/p>\n<ul>\n<li>Izm\u0113rs, kuram gredzens der\u0113s: US 6 (16,5 mm)<\/li>\n<li>Weight: 10.7 g<\/li>\n<li>S\u012bk\u0101k par gredzenu izm\u0113riem var izlas\u012bt\u00a0<a href=\"https:\/\/bellyofthesnake.lv\/lv\/ring-sizes\/\">[\u0161eit]<\/a>\u00a0.<\/li>\n<li>925. sudraba z\u012bmogs no Latvijas proves biroja<\/li>\n<li>Tiks nodots pieg\u0101dei 2-5 dienu laik\u0101<\/li>\n<\/ul>","protected":false},"featured_media":4784,"template":"","meta":[],"product_brand":[],"product_cat":[110],"product_tag":[],"class_list":{"0":"post-4675","1":"product","2":"type-product","3":"status-publish","4":"has-post-thumbnail","6":"product_cat-rings","8":"first","9":"outofstock","10":"sale","11":"taxable","12":"shipping-taxable","13":"purchasable","14":"product-type-simple"},"_links":{"self":[{"href":"https:\/\/bellyofthesnake.lv\/lv\/wp-json\/wp\/v2\/product\/4675","targetHints":{"allow":["GET"]}}],"collection":[{"href":"https:\/\/bellyofthesnake.lv\/lv\/wp-json\/wp\/v2\/product"}],"about":[{"href":"https:\/\/bellyofthesnake.lv\/lv\/wp-json\/wp\/v2\/types\/product"}],"wp:featuredmedia":[{"embeddable":true,"href":"https:\/\/bellyofthesnake.lv\/lv\/wp-json\/wp\/v2\/media\/4784"}],"wp:attachment":[{"href":"https:\/\/bellyofthesnake.lv\/lv\/wp-json\/wp\/v2\/media?parent=4675"}],"wp:term":[{"taxonomy":"product_brand","embeddable":true,"href":"https:\/\/bellyofthesnake.lv\/lv\/wp-json\/wp\/v2\/product_brand?post=4675"},{"taxonomy":"product_cat","embeddable":true,"href":"https:\/\/bellyofthesnake.lv\/lv\/wp-json\/wp\/v2\/product_cat?post=4675"},{"taxonomy":"product_tag","embeddable":true,"href":"https:\/\/bellyofthesnake.lv\/lv\/wp-json\/wp\/v2\/product_tag?post=4675"}],"curies":[{"name":"wp","href":"https:\/\/api.w.org\/{rel}","templated":true}]}}