{"id":4694,"date":"2024-03-19T20:00:10","date_gmt":"2024-03-19T18:00:10","guid":{"rendered":"https:\/\/bellyofthesnake.lv\/?post_type=product&#038;p=4694"},"modified":"2026-01-02T14:42:07","modified_gmt":"2026-01-02T12:42:07","slug":"dendritic-agate-twig-ring-us-8-1-2","status":"publish","type":"product","link":"https:\/\/bellyofthesnake.lv\/lv\/shop\/rings\/dendritic-agate-twig-ring-us-8-1-2\/","title":{"rendered":"Gredzens ar dendr\u012bta ah\u0101tu un zariem - US 8 1\/2"},"content":{"rendered":"<p>Producer\/Ra\u017eot\u0101js\/Hersteller:<\/p>\n<p>Valerija Ecina, A.k. 66, R\u012bgas 57. pasta noda\u013ca, R\u012bga, LV-1057, Latvija<\/p>\n<p>bellyofthesnek@gmail.com<\/p>","protected":false},"excerpt":{"rendered":"<p>\u0160is grezens att\u0113lo to saj\u016btu, kad tu v\u0113laj\u0101 ruden\u012b pastaig\u0101jies me\u017e\u0101, un p\u0113k\u0161\u0146i no debes\u012bm s\u0101k klus\u0101m krist sniegp\u0101rslas.<\/p>\n<p>\u0160is gredzens ir veidots vien\u0101 eksempl\u0101r\u0101, un es esmu pateic\u012bga dabai, kura ir veidojusi tik neparastu akmeni.<\/p>\n<ul>\n<li>Izm\u0113rs, kuram gredzens der\u0113s: US 8 1\/2 (18,5 mm)<\/li>\n<li>Svars: 13,1 g<\/li>\n<li>S\u012bk\u0101k par gredzenu izm\u0113riem var izlas\u012bt\u00a0<a href=\"https:\/\/bellyofthesnake.lv\/lv\/ring-sizes\/\">[\u0161eit]<\/a>\u00a0.<\/li>\n<li>925. sudraba z\u012bmogs no Latvijas proves biroja<\/li>\n<li>Tiks nodots pieg\u0101dei 2-5 dienu laik\u0101<\/li>\n<\/ul>","protected":false},"featured_media":5013,"template":"","meta":[],"product_brand":[],"product_cat":[110],"product_tag":[],"class_list":{"0":"post-4694","1":"product","2":"type-product","3":"status-publish","4":"has-post-thumbnail","6":"product_cat-rings","8":"first","9":"outofstock","10":"sale","11":"taxable","12":"shipping-taxable","13":"purchasable","14":"product-type-simple"},"_links":{"self":[{"href":"https:\/\/bellyofthesnake.lv\/lv\/wp-json\/wp\/v2\/product\/4694","targetHints":{"allow":["GET"]}}],"collection":[{"href":"https:\/\/bellyofthesnake.lv\/lv\/wp-json\/wp\/v2\/product"}],"about":[{"href":"https:\/\/bellyofthesnake.lv\/lv\/wp-json\/wp\/v2\/types\/product"}],"wp:featuredmedia":[{"embeddable":true,"href":"https:\/\/bellyofthesnake.lv\/lv\/wp-json\/wp\/v2\/media\/5013"}],"wp:attachment":[{"href":"https:\/\/bellyofthesnake.lv\/lv\/wp-json\/wp\/v2\/media?parent=4694"}],"wp:term":[{"taxonomy":"product_brand","embeddable":true,"href":"https:\/\/bellyofthesnake.lv\/lv\/wp-json\/wp\/v2\/product_brand?post=4694"},{"taxonomy":"product_cat","embeddable":true,"href":"https:\/\/bellyofthesnake.lv\/lv\/wp-json\/wp\/v2\/product_cat?post=4694"},{"taxonomy":"product_tag","embeddable":true,"href":"https:\/\/bellyofthesnake.lv\/lv\/wp-json\/wp\/v2\/product_tag?post=4694"}],"curies":[{"name":"wp","href":"https:\/\/api.w.org\/{rel}","templated":true}]}}