{"id":4887,"date":"2024-07-25T14:41:44","date_gmt":"2024-07-25T11:41:44","guid":{"rendered":"https:\/\/bellyofthesnake.lv\/?post_type=product&#038;p=4887"},"modified":"2026-03-20T08:22:07","modified_gmt":"2026-03-20T06:22:07","slug":"membrane-ring-with-sapphires-us-8","status":"publish","type":"product","link":"https:\/\/bellyofthesnake.lv\/lv\/shop\/rings\/membrane-ring-with-sapphires-us-8\/","title":{"rendered":"Membrane ring with sapphires &#8211; US 8 (18.2)"},"content":{"rendered":"<p>Producer\/Ra\u017eot\u0101js\/Hersteller:<\/p>\n<p>Valerija Ecina, A.k. 66, R\u012bgas 57. pasta noda\u013ca, R\u012bga, LV-1057, Latvija<\/p>\n<p>bellyofthesnek@gmail.com<\/p>","protected":false},"excerpt":{"rendered":"<p>\u0160is gredzens ir dom\u0101ts tiem, kam pat\u012bk bru\u0146\u0101m l\u012bdz\u012bgas rotas un organiskas tekst\u016bras. T\u0101 virsma atg\u0101dina membr\u0101nu ar raupju (bet \u0113rtu) r\u0101mi. Gredzen\u0101 ir tr\u012bs Austr\u0101lijas saf\u012bri - divi no tiem ir za\u013ci un viens - za\u013cganzils. Gredzenam ir birka no Latvijas proves biroja, kas apliecina saf\u012bru \u012bstumu.<\/p>\n<p>\u0160is gredzens rad\u012bts vien\u0101 eksempl\u0101r\u0101.<\/p>\n<ul>\n<li>Izm\u0113rs, kuram gredzens der\u0113s: US 8 (18,2 mm)<\/li>\n<li>Svars: 17,4 g<\/li>\n<li>925. sudraba z\u012bmogs no Latvijas proves biroja<\/li>\n<li>Tiks nodots pieg\u0101dei 2-5 dienu laik\u0101<\/li>\n<\/ul>","protected":false},"featured_media":4892,"template":"","meta":[],"product_brand":[],"product_cat":[110],"product_tag":[],"class_list":{"0":"post-4887","1":"product","2":"type-product","3":"status-publish","4":"has-post-thumbnail","6":"product_cat-rings","8":"first","9":"instock","10":"taxable","11":"shipping-taxable","12":"purchasable","13":"product-type-simple"},"_links":{"self":[{"href":"https:\/\/bellyofthesnake.lv\/lv\/wp-json\/wp\/v2\/product\/4887","targetHints":{"allow":["GET"]}}],"collection":[{"href":"https:\/\/bellyofthesnake.lv\/lv\/wp-json\/wp\/v2\/product"}],"about":[{"href":"https:\/\/bellyofthesnake.lv\/lv\/wp-json\/wp\/v2\/types\/product"}],"wp:featuredmedia":[{"embeddable":true,"href":"https:\/\/bellyofthesnake.lv\/lv\/wp-json\/wp\/v2\/media\/4892"}],"wp:attachment":[{"href":"https:\/\/bellyofthesnake.lv\/lv\/wp-json\/wp\/v2\/media?parent=4887"}],"wp:term":[{"taxonomy":"product_brand","embeddable":true,"href":"https:\/\/bellyofthesnake.lv\/lv\/wp-json\/wp\/v2\/product_brand?post=4887"},{"taxonomy":"product_cat","embeddable":true,"href":"https:\/\/bellyofthesnake.lv\/lv\/wp-json\/wp\/v2\/product_cat?post=4887"},{"taxonomy":"product_tag","embeddable":true,"href":"https:\/\/bellyofthesnake.lv\/lv\/wp-json\/wp\/v2\/product_tag?post=4887"}],"curies":[{"name":"wp","href":"https:\/\/api.w.org\/{rel}","templated":true}]}}