{"id":4957,"date":"2024-09-08T20:00:24","date_gmt":"2024-09-08T17:00:24","guid":{"rendered":"https:\/\/bellyofthesnake.lv\/?post_type=product&#038;p=4957"},"modified":"2025-07-04T11:01:22","modified_gmt":"2025-07-04T08:01:22","slug":"spiderweb-ring-with-moonstone-us-7","status":"publish","type":"product","link":"https:\/\/bellyofthesnake.lv\/lv\/shop\/rings\/spiderweb-ring-with-moonstone-us-7\/","title":{"rendered":"Zirnek\u013ct\u012bkla gredzens ar m\u0113nessakmeni - US 7 (17,35)"},"content":{"rendered":"<p>Producer\/Ra\u017eot\u0101js\/Hersteller:<\/p>\n<p>Valerija Ecina, A.k. 66, R\u012bgas 57. pasta noda\u013ca, R\u012bga, LV-1057, Latvija<\/p>\n<p>bellyofthesnek@gmail.com<\/p>","protected":false},"excerpt":{"rendered":"<p>Gredzens ar zirnek\u013ct\u012bkla mot\u012bvu un nosl\u0113pumainu varav\u012bksnes m\u0113nessakmeni.<\/p>\n<ul>\n<li>Izm\u0113rs, kuram gredzens der\u0113s: US 7 (17,35 mm)<\/li>\n<li>S\u012bk\u0101k par gredzenu izm\u0113riem var izlas\u012bt<a href=\"https:\/\/bellyofthesnake.lv\/lv\/ring-sizes\/\">[\u0161eit]<\/a>.<\/li>\n<li>925. sudraba z\u012bmogs no Latvijas proves biroja<\/li>\n<li>Tiks nodots pieg\u0101dei 2-5 dienu laik\u0101<\/li>\n<\/ul>","protected":false},"featured_media":4958,"template":"","meta":[],"product_brand":[],"product_cat":[110],"product_tag":[],"class_list":{"0":"post-4957","1":"product","2":"type-product","3":"status-publish","4":"has-post-thumbnail","6":"product_cat-rings","8":"first","9":"outofstock","10":"taxable","11":"shipping-taxable","12":"purchasable","13":"product-type-simple"},"_links":{"self":[{"href":"https:\/\/bellyofthesnake.lv\/lv\/wp-json\/wp\/v2\/product\/4957","targetHints":{"allow":["GET"]}}],"collection":[{"href":"https:\/\/bellyofthesnake.lv\/lv\/wp-json\/wp\/v2\/product"}],"about":[{"href":"https:\/\/bellyofthesnake.lv\/lv\/wp-json\/wp\/v2\/types\/product"}],"wp:featuredmedia":[{"embeddable":true,"href":"https:\/\/bellyofthesnake.lv\/lv\/wp-json\/wp\/v2\/media\/4958"}],"wp:attachment":[{"href":"https:\/\/bellyofthesnake.lv\/lv\/wp-json\/wp\/v2\/media?parent=4957"}],"wp:term":[{"taxonomy":"product_brand","embeddable":true,"href":"https:\/\/bellyofthesnake.lv\/lv\/wp-json\/wp\/v2\/product_brand?post=4957"},{"taxonomy":"product_cat","embeddable":true,"href":"https:\/\/bellyofthesnake.lv\/lv\/wp-json\/wp\/v2\/product_cat?post=4957"},{"taxonomy":"product_tag","embeddable":true,"href":"https:\/\/bellyofthesnake.lv\/lv\/wp-json\/wp\/v2\/product_tag?post=4957"}],"curies":[{"name":"wp","href":"https:\/\/api.w.org\/{rel}","templated":true}]}}