{"id":5022,"date":"2024-09-24T13:20:37","date_gmt":"2024-09-24T10:20:37","guid":{"rendered":"https:\/\/bellyofthesnake.lv\/?post_type=product&#038;p=5022"},"modified":"2025-02-02T08:16:10","modified_gmt":"2025-02-02T06:16:10","slug":"tentacle-pendant-with-opal","status":"publish","type":"product","link":"https:\/\/bellyofthesnake.lv\/lv\/shop\/pendants-necklaces\/tentacle-pendant-with-opal\/","title":{"rendered":"Tentacle pendant with opal"},"content":{"rendered":"<p>Producer\/Ra\u017eot\u0101js\/Hersteller:<\/p>\n<p>Valerija Ecina, A.k. 66, R\u012bgas 57. pasta noda\u013ca, R\u012bga, LV-1057, Latvija<\/p>\n<p>bellyofthesnek@gmail.com<\/p>","protected":false},"excerpt":{"rendered":"<p>\u0160is kulons ir rad\u012bts vien\u0101 eksempl\u0101r\u0101. To rot\u0101 Austr\u0101lijas op\u0101ls, kur\u0161 ir dab\u012bgi sadal\u012bts vair\u0101kos segmentos, l\u012bdz ar ko tas sp\u012bd sav\u0101d\u0101k atkar\u012bb\u0101 no apgaismojuma.<\/p>\n<p>Op\u0101lus ir gr\u016bti notvert statisk\u0101s bild\u0113s, t\u0101p\u0113c esmu ar\u012b pievienojusi video, kas pal\u012bdz\u0113s g\u016bt lab\u0101ku priek\u0161statu par \u0161\u012b skaist\u0101 akme\u0146a kr\u0101su.<\/p>\n<ul>\n<li>925. sudraba z\u012bmogs no Latvijas proves biroja<\/li>\n<li>Size: 3.1 x 2.8 cm without big jump ring<\/li>\n<li>Weight: 9.68 g<\/li>\n<li><strong>\u0136\u0113de komplekt\u0101 nav iek\u013cauta<\/strong><\/li>\n<li>Tiks nodots pieg\u0101dei 2-5 dienu laik\u0101<\/li>\n<\/ul>","protected":false},"featured_media":5024,"template":"","meta":[],"product_brand":[],"product_cat":[111],"product_tag":[],"class_list":{"0":"post-5022","1":"product","2":"type-product","3":"status-publish","4":"has-post-thumbnail","6":"product_cat-pendants-necklaces","8":"first","9":"outofstock","10":"taxable","11":"shipping-taxable","12":"purchasable","13":"product-type-simple"},"_links":{"self":[{"href":"https:\/\/bellyofthesnake.lv\/lv\/wp-json\/wp\/v2\/product\/5022","targetHints":{"allow":["GET"]}}],"collection":[{"href":"https:\/\/bellyofthesnake.lv\/lv\/wp-json\/wp\/v2\/product"}],"about":[{"href":"https:\/\/bellyofthesnake.lv\/lv\/wp-json\/wp\/v2\/types\/product"}],"wp:featuredmedia":[{"embeddable":true,"href":"https:\/\/bellyofthesnake.lv\/lv\/wp-json\/wp\/v2\/media\/5024"}],"wp:attachment":[{"href":"https:\/\/bellyofthesnake.lv\/lv\/wp-json\/wp\/v2\/media?parent=5022"}],"wp:term":[{"taxonomy":"product_brand","embeddable":true,"href":"https:\/\/bellyofthesnake.lv\/lv\/wp-json\/wp\/v2\/product_brand?post=5022"},{"taxonomy":"product_cat","embeddable":true,"href":"https:\/\/bellyofthesnake.lv\/lv\/wp-json\/wp\/v2\/product_cat?post=5022"},{"taxonomy":"product_tag","embeddable":true,"href":"https:\/\/bellyofthesnake.lv\/lv\/wp-json\/wp\/v2\/product_tag?post=5022"}],"curies":[{"name":"wp","href":"https:\/\/api.w.org\/{rel}","templated":true}]}}