{"id":5031,"date":"2024-09-26T21:46:49","date_gmt":"2024-09-26T18:46:49","guid":{"rendered":"https:\/\/bellyofthesnake.lv\/?post_type=product&#038;p=5031"},"modified":"2024-09-26T22:56:31","modified_gmt":"2024-09-26T19:56:31","slug":"guiding-star-pendant","status":"publish","type":"product","link":"https:\/\/bellyofthesnake.lv\/lv\/shop\/pendants-necklaces\/guiding-star-pendant\/","title":{"rendered":"Guiding star pendant"},"content":{"rendered":"","protected":false},"excerpt":{"rendered":"<p>In the modern world, being surrounded by often meaningless information 24\/7, it is quite a luxury to have a clear mind and remember what is important to you. I made this pendant during a sudden moment of such clarity, and I&#8217;m passing a piece of it to you, so that you always remember who you are and what matters most \ud83d\ude42<\/p>\n<ul>\n<li>One of a kind, set with a rainbow moonstone<\/li>\n<li>925. sudraba z\u012bmogs no Latvijas proves biroja<\/li>\n<li>Size: 3.3cm tall without jump ring<\/li>\n<li><strong>\u0136\u0113de komplekt\u0101 nav iek\u013cauta<\/strong><\/li>\n<li>Tiks nodots pieg\u0101dei 2-5 dienu laik\u0101<\/li>\n<\/ul>","protected":false},"featured_media":5034,"template":"","meta":[],"product_brand":[],"product_cat":[111],"product_tag":[],"class_list":{"0":"post-5031","1":"product","2":"type-product","3":"status-publish","4":"has-post-thumbnail","6":"product_cat-pendants-necklaces","8":"first","9":"outofstock","10":"taxable","11":"shipping-taxable","12":"purchasable","13":"product-type-simple"},"_links":{"self":[{"href":"https:\/\/bellyofthesnake.lv\/lv\/wp-json\/wp\/v2\/product\/5031","targetHints":{"allow":["GET"]}}],"collection":[{"href":"https:\/\/bellyofthesnake.lv\/lv\/wp-json\/wp\/v2\/product"}],"about":[{"href":"https:\/\/bellyofthesnake.lv\/lv\/wp-json\/wp\/v2\/types\/product"}],"wp:featuredmedia":[{"embeddable":true,"href":"https:\/\/bellyofthesnake.lv\/lv\/wp-json\/wp\/v2\/media\/5034"}],"wp:attachment":[{"href":"https:\/\/bellyofthesnake.lv\/lv\/wp-json\/wp\/v2\/media?parent=5031"}],"wp:term":[{"taxonomy":"product_brand","embeddable":true,"href":"https:\/\/bellyofthesnake.lv\/lv\/wp-json\/wp\/v2\/product_brand?post=5031"},{"taxonomy":"product_cat","embeddable":true,"href":"https:\/\/bellyofthesnake.lv\/lv\/wp-json\/wp\/v2\/product_cat?post=5031"},{"taxonomy":"product_tag","embeddable":true,"href":"https:\/\/bellyofthesnake.lv\/lv\/wp-json\/wp\/v2\/product_tag?post=5031"}],"curies":[{"name":"wp","href":"https:\/\/api.w.org\/{rel}","templated":true}]}}