{"id":5077,"date":"2024-10-19T15:28:14","date_gmt":"2024-10-19T12:28:14","guid":{"rendered":"https:\/\/bellyofthesnake.lv\/?post_type=product&#038;p=5077"},"modified":"2024-11-18T04:54:54","modified_gmt":"2024-11-18T02:54:54","slug":"cosmic-snake-pendant","status":"publish","type":"product","link":"https:\/\/bellyofthesnake.lv\/lv\/shop\/pendants-necklaces\/cosmic-snake-pendant\/","title":{"rendered":"Kosmisk\u0101 \u010d\u016bska - kulons"},"content":{"rendered":"","protected":false},"excerpt":{"rendered":"<p>\u0160\u012b maz\u0101 \u010d\u016bska ir rad\u012bta vien\u0101 eksempl\u0101r\u0101. T\u0101 ir rot\u0101ta ar Andamooka op\u0101lu - vienu no Austr\u0101lijas op\u0101lu paveidiem. Op\u0101la virsma viet\u0101m ir nel\u012bdzena,  toties tas sp\u012bd da\u017e\u0101d\u0101s kr\u0101s\u0101s atkar\u012bb\u0101 no apgaismojuma.<\/p>\n<ul>\n<li>925. sudraba z\u012bmogs no Latvijas proves biroja<\/li>\n<li>Izm\u0113rs: 1,5 x 1,7 cm (bez liel\u0101 ri\u0146\u0137\u012b\u0161a)<\/li>\n<li><strong>\u0136\u0113de komplekt\u0101 nav iek\u013cauta<\/strong><\/li>\n<li>Tiks nodots pieg\u0101dei 2-5 dienu laik\u0101<\/li>\n<\/ul>","protected":false},"featured_media":5080,"template":"","meta":[],"product_brand":[],"product_cat":[111],"product_tag":[],"class_list":{"0":"post-5077","1":"product","2":"type-product","3":"status-publish","4":"has-post-thumbnail","6":"product_cat-pendants-necklaces","8":"first","9":"outofstock","10":"taxable","11":"shipping-taxable","12":"purchasable","13":"product-type-simple"},"_links":{"self":[{"href":"https:\/\/bellyofthesnake.lv\/lv\/wp-json\/wp\/v2\/product\/5077","targetHints":{"allow":["GET"]}}],"collection":[{"href":"https:\/\/bellyofthesnake.lv\/lv\/wp-json\/wp\/v2\/product"}],"about":[{"href":"https:\/\/bellyofthesnake.lv\/lv\/wp-json\/wp\/v2\/types\/product"}],"wp:featuredmedia":[{"embeddable":true,"href":"https:\/\/bellyofthesnake.lv\/lv\/wp-json\/wp\/v2\/media\/5080"}],"wp:attachment":[{"href":"https:\/\/bellyofthesnake.lv\/lv\/wp-json\/wp\/v2\/media?parent=5077"}],"wp:term":[{"taxonomy":"product_brand","embeddable":true,"href":"https:\/\/bellyofthesnake.lv\/lv\/wp-json\/wp\/v2\/product_brand?post=5077"},{"taxonomy":"product_cat","embeddable":true,"href":"https:\/\/bellyofthesnake.lv\/lv\/wp-json\/wp\/v2\/product_cat?post=5077"},{"taxonomy":"product_tag","embeddable":true,"href":"https:\/\/bellyofthesnake.lv\/lv\/wp-json\/wp\/v2\/product_tag?post=5077"}],"curies":[{"name":"wp","href":"https:\/\/api.w.org\/{rel}","templated":true}]}}