{"id":5083,"date":"2024-10-19T15:43:54","date_gmt":"2024-10-19T12:43:54","guid":{"rendered":"https:\/\/bellyofthesnake.lv\/?post_type=product&#038;p=5083"},"modified":"2024-11-22T12:35:48","modified_gmt":"2024-11-22T10:35:48","slug":"zircon-stud-earrings","status":"publish","type":"product","link":"https:\/\/bellyofthesnake.lv\/lv\/shop\/earrings\/zircon-stud-earrings\/","title":{"rendered":"Nagli\u0146auskari ar cirkonu"},"content":{"rendered":"","protected":false},"excerpt":{"rendered":"<p>Mazi sp\u012bd\u012bgi nagli\u0146auskari. Cirkons, at\u0161\u0137ir\u012bb\u0101 no m\u0101ksl\u012bg\u0101 kubisk\u0101 cirkonija, ir dab\u012bgs akmens, kuram visbie\u017e\u0101k piem\u012bt silti sarkana kr\u0101sa. Cirkoniem ir augsts refrakcijas indekss, t\u0101p\u0113c tie ko\u0161i sp\u012bd gaismas staros.<\/p>\n<ul>\n<li>Auskaru nagli\u0146u diametrs: 1 mm<\/li>\n<li>925. sudraba z\u012bmogs no Latvijas proves biroja<\/li>\n<li>Tiks nodots pieg\u0101dei 2-5 dienu laik\u0101<\/li>\n<\/ul>","protected":false},"featured_media":5085,"template":"","meta":[],"product_brand":[],"product_cat":[112],"product_tag":[],"class_list":{"0":"post-5083","1":"product","2":"type-product","3":"status-publish","4":"has-post-thumbnail","6":"product_cat-earrings","8":"first","9":"outofstock","10":"taxable","11":"shipping-taxable","12":"purchasable","13":"product-type-simple"},"_links":{"self":[{"href":"https:\/\/bellyofthesnake.lv\/lv\/wp-json\/wp\/v2\/product\/5083","targetHints":{"allow":["GET"]}}],"collection":[{"href":"https:\/\/bellyofthesnake.lv\/lv\/wp-json\/wp\/v2\/product"}],"about":[{"href":"https:\/\/bellyofthesnake.lv\/lv\/wp-json\/wp\/v2\/types\/product"}],"wp:featuredmedia":[{"embeddable":true,"href":"https:\/\/bellyofthesnake.lv\/lv\/wp-json\/wp\/v2\/media\/5085"}],"wp:attachment":[{"href":"https:\/\/bellyofthesnake.lv\/lv\/wp-json\/wp\/v2\/media?parent=5083"}],"wp:term":[{"taxonomy":"product_brand","embeddable":true,"href":"https:\/\/bellyofthesnake.lv\/lv\/wp-json\/wp\/v2\/product_brand?post=5083"},{"taxonomy":"product_cat","embeddable":true,"href":"https:\/\/bellyofthesnake.lv\/lv\/wp-json\/wp\/v2\/product_cat?post=5083"},{"taxonomy":"product_tag","embeddable":true,"href":"https:\/\/bellyofthesnake.lv\/lv\/wp-json\/wp\/v2\/product_tag?post=5083"}],"curies":[{"name":"wp","href":"https:\/\/api.w.org\/{rel}","templated":true}]}}