{"id":5093,"date":"2024-10-24T21:00:39","date_gmt":"2024-10-24T18:00:39","guid":{"rendered":"https:\/\/bellyofthesnake.lv\/?post_type=product&#038;p=5093"},"modified":"2024-12-28T00:53:15","modified_gmt":"2024-12-27T22:53:15","slug":"snake-pendant-with-sapphire","status":"publish","type":"product","link":"https:\/\/bellyofthesnake.lv\/lv\/shop\/pendants-necklaces\/snake-pendant-with-sapphire\/","title":{"rendered":"Snake pendant with sapphire"},"content":{"rendered":"<p>Producer\/Ra\u017eot\u0101js\/Hersteller:<\/p>\n<p>Valerija Ecina, A.k. 66, R\u012bgas 57. pasta noda\u013ca, R\u012bga, LV-1057, Latvija<\/p>\n<p>bellyofthesnek@gmail.com<\/p>","protected":false},"excerpt":{"rendered":"<p>This little one of a kind snake pendant holds a dark blue\/brown sapphire. I have included a photo of the sapphire with light shining from the back (with white background), but please note that it will appear dark when worn, like in the other photos.<\/p>\n<ul>\n<li>925. sudraba z\u012bmogs no Latvijas proves biroja<\/li>\n<li>Size: 2.5 x 1.6 cm without big jump ring<\/li>\n<li>Weight: 5.12 g<\/li>\n<li><strong>\u0136\u0113de komplekt\u0101 nav iek\u013cauta<\/strong><\/li>\n<li>Tiks nodots pieg\u0101dei 2-5 dienu laik\u0101<\/li>\n<\/ul>","protected":false},"featured_media":5094,"template":"","meta":[],"product_brand":[],"product_cat":[111],"product_tag":[],"class_list":{"0":"post-5093","1":"product","2":"type-product","3":"status-publish","4":"has-post-thumbnail","6":"product_cat-pendants-necklaces","8":"first","9":"outofstock","10":"taxable","11":"shipping-taxable","12":"purchasable","13":"product-type-simple"},"_links":{"self":[{"href":"https:\/\/bellyofthesnake.lv\/lv\/wp-json\/wp\/v2\/product\/5093","targetHints":{"allow":["GET"]}}],"collection":[{"href":"https:\/\/bellyofthesnake.lv\/lv\/wp-json\/wp\/v2\/product"}],"about":[{"href":"https:\/\/bellyofthesnake.lv\/lv\/wp-json\/wp\/v2\/types\/product"}],"wp:featuredmedia":[{"embeddable":true,"href":"https:\/\/bellyofthesnake.lv\/lv\/wp-json\/wp\/v2\/media\/5094"}],"wp:attachment":[{"href":"https:\/\/bellyofthesnake.lv\/lv\/wp-json\/wp\/v2\/media?parent=5093"}],"wp:term":[{"taxonomy":"product_brand","embeddable":true,"href":"https:\/\/bellyofthesnake.lv\/lv\/wp-json\/wp\/v2\/product_brand?post=5093"},{"taxonomy":"product_cat","embeddable":true,"href":"https:\/\/bellyofthesnake.lv\/lv\/wp-json\/wp\/v2\/product_cat?post=5093"},{"taxonomy":"product_tag","embeddable":true,"href":"https:\/\/bellyofthesnake.lv\/lv\/wp-json\/wp\/v2\/product_tag?post=5093"}],"curies":[{"name":"wp","href":"https:\/\/api.w.org\/{rel}","templated":true}]}}