{"id":5328,"date":"2024-12-26T19:00:37","date_gmt":"2024-12-26T17:00:37","guid":{"rendered":"https:\/\/bellyofthesnake.lv\/?post_type=product&#038;p=5328"},"modified":"2025-02-08T00:23:56","modified_gmt":"2025-02-07T22:23:56","slug":"snakeskin-pendant-with-onyx","status":"publish","type":"product","link":"https:\/\/bellyofthesnake.lv\/lv\/shop\/pendants-necklaces\/snakeskin-pendant-with-onyx\/","title":{"rendered":"Snakeskin pendant with onyx"},"content":{"rendered":"<p>Producer\/Ra\u017eot\u0101js\/Hersteller:<\/p>\n<p>Valerija Ecina, A.k. 66, R\u012bgas 57. pasta noda\u013ca, R\u012bga, LV-1057, Latvija<\/p>\n<p>bellyofthesnek@gmail.com<\/p>","protected":false},"excerpt":{"rendered":"<p>A smol one of a kind pendant with onyx.<\/p>\n<ul>\n<li>925. sudraba z\u012bmogs no Latvijas proves biroja<\/li>\n<li>Size: 1.5 x 1.3 cm without big jump ring<\/li>\n<li>Weight: 3.15 g<\/li>\n<li><strong>\u0136\u0113de komplekt\u0101 nav iek\u013cauta<\/strong><\/li>\n<li>Tiks nodots pieg\u0101dei 2-5 dienu laik\u0101<\/li>\n<\/ul>","protected":false},"featured_media":5309,"template":"","meta":[],"product_brand":[],"product_cat":[111],"product_tag":[],"class_list":{"0":"post-5328","1":"product","2":"type-product","3":"status-publish","4":"has-post-thumbnail","6":"product_cat-pendants-necklaces","8":"first","9":"outofstock","10":"taxable","11":"shipping-taxable","12":"purchasable","13":"product-type-simple"},"_links":{"self":[{"href":"https:\/\/bellyofthesnake.lv\/lv\/wp-json\/wp\/v2\/product\/5328","targetHints":{"allow":["GET"]}}],"collection":[{"href":"https:\/\/bellyofthesnake.lv\/lv\/wp-json\/wp\/v2\/product"}],"about":[{"href":"https:\/\/bellyofthesnake.lv\/lv\/wp-json\/wp\/v2\/types\/product"}],"wp:featuredmedia":[{"embeddable":true,"href":"https:\/\/bellyofthesnake.lv\/lv\/wp-json\/wp\/v2\/media\/5309"}],"wp:attachment":[{"href":"https:\/\/bellyofthesnake.lv\/lv\/wp-json\/wp\/v2\/media?parent=5328"}],"wp:term":[{"taxonomy":"product_brand","embeddable":true,"href":"https:\/\/bellyofthesnake.lv\/lv\/wp-json\/wp\/v2\/product_brand?post=5328"},{"taxonomy":"product_cat","embeddable":true,"href":"https:\/\/bellyofthesnake.lv\/lv\/wp-json\/wp\/v2\/product_cat?post=5328"},{"taxonomy":"product_tag","embeddable":true,"href":"https:\/\/bellyofthesnake.lv\/lv\/wp-json\/wp\/v2\/product_tag?post=5328"}],"curies":[{"name":"wp","href":"https:\/\/api.w.org\/{rel}","templated":true}]}}