{"id":5353,"date":"2025-01-18T01:43:51","date_gmt":"2025-01-17T23:43:51","guid":{"rendered":"https:\/\/bellyofthesnake.lv\/?post_type=product&#038;p=5353"},"modified":"2025-03-17T01:15:47","modified_gmt":"2025-03-16T23:15:47","slug":"skarapeya-silver-snake-ring-with-14k-gold-crown-2","status":"publish","type":"product","link":"https:\/\/bellyofthesnake.lv\/lv\/shop\/rings\/skarapeya-silver-snake-ring-with-14k-gold-crown-2\/","title":{"rendered":"\u010c\u016bskas gredzens ''Skarapeja'' ar zelta kron\u012bti"},"content":{"rendered":"","protected":false},"excerpt":{"rendered":"<p>Skarapeja ir \u010d\u016bsku karaliene no Sl\u0101vu mitolo\u0123ijas. Daudz\u0101s kult\u016br\u0101s \u010d\u016bskas simboliz\u0113 kaut ko \u013caunu, toties Skarapeja ir pal\u012bgs, kas d\u0101v\u0101 gudr\u012bbu vai pat\u012bkamas p\u0101rmai\u0146as. Da\u017eos st\u0101stos vi\u0146a ar\u012b piepilda v\u0113l\u0113\u0161anos.<\/p>\n<p>\u0160im gredzenam ir vismaz\u0101kais kron\u012btis, ko esmu lidz \u0161im tais\u012bjusi. Tas ir 3 mm plats, bet \u013coti detaliz\u0113ts. Pats gredzens ir izgatavots ar ''zaud\u0113t\u0101 vaska'' lie\u0161anu, bet katrs kron\u012btis ir veidots no zelta loksnes.<\/p>\n<ul>\n<li>Sudraba gredzens as sarkan\u0101 zelta kron\u012bti<\/li>\n<li>S\u012bk\u0101k par gredzenu izm\u0113riem var izlas\u012bt <a href=\"https:\/\/bellyofthesnake.lv\/lv\/ring-sizes\/\">[\u0161eit]<\/a> .<\/li>\n<li>925. sudraba z\u012bmogs no Latvijas proves biroja<\/li>\n<li><strong>Pas\u016bt\u012bjums b\u016bs gatavs 3-4 ned\u0113\u013cu laik\u0101<\/strong><\/li>\n<\/ul>","protected":false},"featured_media":4746,"template":"","meta":[],"product_brand":[],"product_cat":[110],"product_tag":[],"class_list":{"0":"post-5353","1":"product","2":"type-product","3":"status-publish","4":"has-post-thumbnail","6":"product_cat-rings","8":"first","9":"outofstock","10":"taxable","11":"shipping-taxable","12":"product-type-variable"},"_links":{"self":[{"href":"https:\/\/bellyofthesnake.lv\/lv\/wp-json\/wp\/v2\/product\/5353","targetHints":{"allow":["GET"]}}],"collection":[{"href":"https:\/\/bellyofthesnake.lv\/lv\/wp-json\/wp\/v2\/product"}],"about":[{"href":"https:\/\/bellyofthesnake.lv\/lv\/wp-json\/wp\/v2\/types\/product"}],"wp:featuredmedia":[{"embeddable":true,"href":"https:\/\/bellyofthesnake.lv\/lv\/wp-json\/wp\/v2\/media\/4746"}],"wp:attachment":[{"href":"https:\/\/bellyofthesnake.lv\/lv\/wp-json\/wp\/v2\/media?parent=5353"}],"wp:term":[{"taxonomy":"product_brand","embeddable":true,"href":"https:\/\/bellyofthesnake.lv\/lv\/wp-json\/wp\/v2\/product_brand?post=5353"},{"taxonomy":"product_cat","embeddable":true,"href":"https:\/\/bellyofthesnake.lv\/lv\/wp-json\/wp\/v2\/product_cat?post=5353"},{"taxonomy":"product_tag","embeddable":true,"href":"https:\/\/bellyofthesnake.lv\/lv\/wp-json\/wp\/v2\/product_tag?post=5353"}],"curies":[{"name":"wp","href":"https:\/\/api.w.org\/{rel}","templated":true}]}}