{"id":5377,"date":"2025-02-05T19:15:45","date_gmt":"2025-02-05T17:15:45","guid":{"rendered":"https:\/\/bellyofthesnake.lv\/?post_type=product&#038;p=5377"},"modified":"2026-03-14T00:01:23","modified_gmt":"2026-03-13T22:01:23","slug":"fern-flower-ring-rainbow-lattice-sunstone-us-6-16-5","status":"publish","type":"product","link":"https:\/\/bellyofthesnake.lv\/lv\/shop\/rings\/fern-flower-ring-rainbow-lattice-sunstone-us-6-16-5\/","title":{"rendered":"Fern flower ring &#8211; rainbow lattice sunstone US 6 (16.5)"},"content":{"rendered":"","protected":false},"excerpt":{"rendered":"<p>This version of the Fern Flower ring is set with rainbow lattice sunstone &#8211; a stone with interesting geometric inclusions, some of them reflecting rainbowy light.<\/p>\n<p>I&#8217;m offering this ring at a big discount because the lower stone has two tiny chips that occurred during setting. They aren&#8217;t noticeable when you wear it and won&#8217;t degrade further, however, just like with all stones, the ring should still be handled with care.<\/p>\n<ul>\n<li>Size (actual fit): US 6 (16.5 mm)<\/li>\n<li>S\u012bk\u0101k par gredzenu izm\u0113riem var izlas\u012bt <a href=\"https:\/\/bellyofthesnake.lv\/lv\/ring-sizes\/\">[\u0161eit]<\/a> .<\/li>\n<li>925. sudraba z\u012bmogs no Latvijas proves biroja<\/li>\n<li>Tiks nodots pieg\u0101dei 2-5 dienu laik\u0101<\/li>\n<\/ul>","protected":false},"featured_media":5383,"template":"","meta":[],"product_brand":[],"product_cat":[110],"product_tag":[],"class_list":{"0":"post-5377","1":"product","2":"type-product","3":"status-publish","4":"has-post-thumbnail","6":"product_cat-rings","8":"first","9":"outofstock","10":"sale","11":"taxable","12":"shipping-taxable","13":"purchasable","14":"product-type-simple"},"_links":{"self":[{"href":"https:\/\/bellyofthesnake.lv\/lv\/wp-json\/wp\/v2\/product\/5377","targetHints":{"allow":["GET"]}}],"collection":[{"href":"https:\/\/bellyofthesnake.lv\/lv\/wp-json\/wp\/v2\/product"}],"about":[{"href":"https:\/\/bellyofthesnake.lv\/lv\/wp-json\/wp\/v2\/types\/product"}],"wp:featuredmedia":[{"embeddable":true,"href":"https:\/\/bellyofthesnake.lv\/lv\/wp-json\/wp\/v2\/media\/5383"}],"wp:attachment":[{"href":"https:\/\/bellyofthesnake.lv\/lv\/wp-json\/wp\/v2\/media?parent=5377"}],"wp:term":[{"taxonomy":"product_brand","embeddable":true,"href":"https:\/\/bellyofthesnake.lv\/lv\/wp-json\/wp\/v2\/product_brand?post=5377"},{"taxonomy":"product_cat","embeddable":true,"href":"https:\/\/bellyofthesnake.lv\/lv\/wp-json\/wp\/v2\/product_cat?post=5377"},{"taxonomy":"product_tag","embeddable":true,"href":"https:\/\/bellyofthesnake.lv\/lv\/wp-json\/wp\/v2\/product_tag?post=5377"}],"curies":[{"name":"wp","href":"https:\/\/api.w.org\/{rel}","templated":true}]}}