{"id":5480,"date":"2025-05-16T14:17:19","date_gmt":"2025-05-16T11:17:19","guid":{"rendered":"https:\/\/bellyofthesnake.lv\/?post_type=product&#038;p=5480"},"modified":"2025-05-17T20:23:15","modified_gmt":"2025-05-17T17:23:15","slug":"defender-ring","status":"publish","type":"product","link":"https:\/\/bellyofthesnake.lv\/lv\/shop\/rings\/defender-ring\/","title":{"rendered":"''Defender'' gredzens"},"content":{"rendered":"<p>Producer\/Ra\u017eot\u0101js\/Hersteller:<\/p>\n<p>Valerija Ecina, A.k. 66, R\u012bgas 57. pasta noda\u013ca, R\u012bga, LV-1057, Latvija<\/p>\n<p>bellyofthesnek@gmail.com<\/p>","protected":false},"excerpt":{"rendered":"<ul>\n<li>Izm\u0113rs: US 5 1\/4 - 9 (15,9 - 18,9 mm)<\/li>\n<li>S\u012bk\u0101k par gredzenu izm\u0113riem var izlas\u012bt<a href=\"https:\/\/bellyofthesnake.lv\/lv\/ring-sizes\/\">[\u0161eit]<\/a>.<\/li>\n<li>925. sudraba z\u012bmogs no Latvijas proves biroja<\/li>\n<li><em><strong>Pas\u016bt\u012bjums b\u016bs gatavs 3-4 ned\u0113\u013cu laik\u0101<\/strong><\/em><\/li>\n<\/ul>","protected":false},"featured_media":5481,"template":"","meta":[],"product_brand":[],"product_cat":[110],"product_tag":[],"class_list":{"0":"post-5480","1":"product","2":"type-product","3":"status-publish","4":"has-post-thumbnail","6":"product_cat-rings","8":"first","9":"instock","10":"taxable","11":"shipping-taxable","12":"purchasable","13":"product-type-variable"},"_links":{"self":[{"href":"https:\/\/bellyofthesnake.lv\/lv\/wp-json\/wp\/v2\/product\/5480","targetHints":{"allow":["GET"]}}],"collection":[{"href":"https:\/\/bellyofthesnake.lv\/lv\/wp-json\/wp\/v2\/product"}],"about":[{"href":"https:\/\/bellyofthesnake.lv\/lv\/wp-json\/wp\/v2\/types\/product"}],"wp:featuredmedia":[{"embeddable":true,"href":"https:\/\/bellyofthesnake.lv\/lv\/wp-json\/wp\/v2\/media\/5481"}],"wp:attachment":[{"href":"https:\/\/bellyofthesnake.lv\/lv\/wp-json\/wp\/v2\/media?parent=5480"}],"wp:term":[{"taxonomy":"product_brand","embeddable":true,"href":"https:\/\/bellyofthesnake.lv\/lv\/wp-json\/wp\/v2\/product_brand?post=5480"},{"taxonomy":"product_cat","embeddable":true,"href":"https:\/\/bellyofthesnake.lv\/lv\/wp-json\/wp\/v2\/product_cat?post=5480"},{"taxonomy":"product_tag","embeddable":true,"href":"https:\/\/bellyofthesnake.lv\/lv\/wp-json\/wp\/v2\/product_tag?post=5480"}],"curies":[{"name":"wp","href":"https:\/\/api.w.org\/{rel}","templated":true}]}}