{"id":5671,"date":"2025-10-30T10:05:21","date_gmt":"2025-10-30T08:05:21","guid":{"rendered":"https:\/\/bellyofthesnake.lv\/?post_type=product&#038;p=5671"},"modified":"2025-10-31T01:06:29","modified_gmt":"2025-10-30T23:06:29","slug":"australian-opal-pendant","status":"publish","type":"product","link":"https:\/\/bellyofthesnake.lv\/lv\/shop\/pendants-necklaces\/australian-opal-pendant\/","title":{"rendered":"Australian opal pendant"},"content":{"rendered":"","protected":false},"excerpt":{"rendered":"<ul>\n<li>925. sudraba z\u012bmogs no Latvijas proves biroja<\/li>\n<li>Size: 0.7 cm without jump ring<\/li>\n<li><strong>\u0136\u0113de komplekt\u0101 nav iek\u013cauta<\/strong><\/li>\n<li>Tiks nodots pieg\u0101dei 2-5 dienu laik\u0101<\/li>\n<\/ul>","protected":false},"featured_media":5656,"template":"","meta":[],"product_brand":[],"product_cat":[111],"product_tag":[],"class_list":{"0":"post-5671","1":"product","2":"type-product","3":"status-publish","4":"has-post-thumbnail","6":"product_cat-pendants-necklaces","8":"first","9":"outofstock","10":"taxable","11":"shipping-taxable","12":"purchasable","13":"product-type-simple"},"_links":{"self":[{"href":"https:\/\/bellyofthesnake.lv\/lv\/wp-json\/wp\/v2\/product\/5671","targetHints":{"allow":["GET"]}}],"collection":[{"href":"https:\/\/bellyofthesnake.lv\/lv\/wp-json\/wp\/v2\/product"}],"about":[{"href":"https:\/\/bellyofthesnake.lv\/lv\/wp-json\/wp\/v2\/types\/product"}],"wp:featuredmedia":[{"embeddable":true,"href":"https:\/\/bellyofthesnake.lv\/lv\/wp-json\/wp\/v2\/media\/5656"}],"wp:attachment":[{"href":"https:\/\/bellyofthesnake.lv\/lv\/wp-json\/wp\/v2\/media?parent=5671"}],"wp:term":[{"taxonomy":"product_brand","embeddable":true,"href":"https:\/\/bellyofthesnake.lv\/lv\/wp-json\/wp\/v2\/product_brand?post=5671"},{"taxonomy":"product_cat","embeddable":true,"href":"https:\/\/bellyofthesnake.lv\/lv\/wp-json\/wp\/v2\/product_cat?post=5671"},{"taxonomy":"product_tag","embeddable":true,"href":"https:\/\/bellyofthesnake.lv\/lv\/wp-json\/wp\/v2\/product_tag?post=5671"}],"curies":[{"name":"wp","href":"https:\/\/api.w.org\/{rel}","templated":true}]}}