{"id":7689,"date":"2026-01-28T19:41:49","date_gmt":"2026-01-28T17:41:49","guid":{"rendered":"https:\/\/bellyofthesnake.lv\/?post_type=product&#038;p=7689"},"modified":"2026-01-28T20:09:31","modified_gmt":"2026-01-28T18:09:31","slug":"twig-ring-with-chrysoprase-us-5-15-7","status":"publish","type":"product","link":"https:\/\/bellyofthesnake.lv\/lv\/shop\/rings\/twig-ring-with-chrysoprase-us-5-15-7\/","title":{"rendered":"Twig ring with chrysoprase &#8211; US 5 (15.7)"},"content":{"rendered":"","protected":false},"excerpt":{"rendered":"<p>This ring set with a juicy green chrysoprase is fully hand fabricated and hand engraved all around the band with a bark pattern. It can be stacked with the <a href=\"https:\/\/bellyofthesnake.lv\/lv\/shop\/rings\/twig-ring-us-5-15-7\/\">twig ring with black CZ<\/a>, but keep in mind that together they will provide a slightly tighter fit.<\/p>\n<ul>\n<li>Size (actual fit): US 5 (15.7 mm)<\/li>\n<li>S\u012bk\u0101k par gredzenu izm\u0113riem var izlas\u012bt<a href=\"https:\/\/bellyofthesnake.lv\/lv\/ring-sizes\/\">[\u0161eit]<\/a>.<\/li>\n<li>925. sudraba z\u012bmogs no Latvijas proves biroja<\/li>\n<li>Tiks nodots pieg\u0101dei 2-5 dienu laik\u0101<\/li>\n<\/ul>","protected":false},"featured_media":7680,"template":"","meta":[],"product_brand":[],"product_cat":[110],"product_tag":[],"class_list":{"0":"post-7689","1":"product","2":"type-product","3":"status-publish","4":"has-post-thumbnail","6":"product_cat-rings","8":"first","9":"instock","10":"taxable","11":"shipping-taxable","12":"purchasable","13":"product-type-simple"},"_links":{"self":[{"href":"https:\/\/bellyofthesnake.lv\/lv\/wp-json\/wp\/v2\/product\/7689","targetHints":{"allow":["GET"]}}],"collection":[{"href":"https:\/\/bellyofthesnake.lv\/lv\/wp-json\/wp\/v2\/product"}],"about":[{"href":"https:\/\/bellyofthesnake.lv\/lv\/wp-json\/wp\/v2\/types\/product"}],"wp:featuredmedia":[{"embeddable":true,"href":"https:\/\/bellyofthesnake.lv\/lv\/wp-json\/wp\/v2\/media\/7680"}],"wp:attachment":[{"href":"https:\/\/bellyofthesnake.lv\/lv\/wp-json\/wp\/v2\/media?parent=7689"}],"wp:term":[{"taxonomy":"product_brand","embeddable":true,"href":"https:\/\/bellyofthesnake.lv\/lv\/wp-json\/wp\/v2\/product_brand?post=7689"},{"taxonomy":"product_cat","embeddable":true,"href":"https:\/\/bellyofthesnake.lv\/lv\/wp-json\/wp\/v2\/product_cat?post=7689"},{"taxonomy":"product_tag","embeddable":true,"href":"https:\/\/bellyofthesnake.lv\/lv\/wp-json\/wp\/v2\/product_tag?post=7689"}],"curies":[{"name":"wp","href":"https:\/\/api.w.org\/{rel}","templated":true}]}}