{"id":7779,"date":"2026-04-12T19:50:43","date_gmt":"2026-04-12T16:50:43","guid":{"rendered":"https:\/\/bellyofthesnake.lv\/?post_type=product&#038;p=7779"},"modified":"2026-04-12T19:54:48","modified_gmt":"2026-04-12T16:54:48","slug":"twig-ring-with-australian-opal-us-9-18-9-19","status":"publish","type":"product","link":"https:\/\/bellyofthesnake.lv\/lv\/shop\/rings\/twig-ring-with-australian-opal-us-9-18-9-19\/","title":{"rendered":"Twig ring with Australian opal &#8211; US 9 (18.9 &#8211; 19)"},"content":{"rendered":"","protected":false},"excerpt":{"rendered":"<p>A customized version of my twig ring design set with a dark Australian opal. The opal has blue flashes across the greater part of its surface, and a smaller part has a paler colouring (see the video for the best view).<\/p>\n<ul>\n<li>Size: US 9 \/ 18.9 &#8211; 19.0mm (actual fit)<\/li>\n<li>S\u012bk\u0101k par gredzenu izm\u0113riem var izlas\u012bt<a href=\"https:\/\/bellyofthesnake.lv\/lv\/ring-sizes\/\">[\u0161eit]<\/a>.<\/li>\n<li>925. sudraba z\u012bmogs no Latvijas proves biroja<\/li>\n<li>Ready to ship in 2 &#8211; 5 days<\/li>\n<\/ul>","protected":false},"featured_media":7776,"template":"","meta":[],"product_brand":[],"product_cat":[110],"product_tag":[],"class_list":{"0":"post-7779","1":"product","2":"type-product","3":"status-publish","4":"has-post-thumbnail","6":"product_cat-rings","8":"first","9":"instock","10":"taxable","11":"shipping-taxable","12":"purchasable","13":"product-type-simple"},"_links":{"self":[{"href":"https:\/\/bellyofthesnake.lv\/lv\/wp-json\/wp\/v2\/product\/7779","targetHints":{"allow":["GET"]}}],"collection":[{"href":"https:\/\/bellyofthesnake.lv\/lv\/wp-json\/wp\/v2\/product"}],"about":[{"href":"https:\/\/bellyofthesnake.lv\/lv\/wp-json\/wp\/v2\/types\/product"}],"wp:featuredmedia":[{"embeddable":true,"href":"https:\/\/bellyofthesnake.lv\/lv\/wp-json\/wp\/v2\/media\/7776"}],"wp:attachment":[{"href":"https:\/\/bellyofthesnake.lv\/lv\/wp-json\/wp\/v2\/media?parent=7779"}],"wp:term":[{"taxonomy":"product_brand","embeddable":true,"href":"https:\/\/bellyofthesnake.lv\/lv\/wp-json\/wp\/v2\/product_brand?post=7779"},{"taxonomy":"product_cat","embeddable":true,"href":"https:\/\/bellyofthesnake.lv\/lv\/wp-json\/wp\/v2\/product_cat?post=7779"},{"taxonomy":"product_tag","embeddable":true,"href":"https:\/\/bellyofthesnake.lv\/lv\/wp-json\/wp\/v2\/product_tag?post=7779"}],"curies":[{"name":"wp","href":"https:\/\/api.w.org\/{rel}","templated":true}]}}